{"id":15,"date":"2021-03-01T21:19:31","date_gmt":"2021-03-01T21:19:31","guid":{"rendered":"https:\/\/uglasevanje-klavirjev.si\/?page_id=15"},"modified":"2024-07-14T15:29:21","modified_gmt":"2024-07-14T14:29:21","slug":"politika-zasebnosti","status":"publish","type":"page","link":"https:\/\/uglasevanje-klavirjev.si\/de\/politika-zasebnosti\/","title":{"rendered":"Datenschutz und Imressum"},"content":{"rendered":"<div class=\"wpb-content-wrapper\"><div class=\"vc_row wpb_row vc_row-fluid container\"><div class=\"wpb_column vc_column_container vc_col-sm-12\"><div class=\"vc_column-inner\"><div class=\"wpb_wrapper\">\n\t<div class=\"wpb_text_column wpb_content_element\" >\n\t\t<div class=\"wpb_wrapper\">\n\t\t\t<h1 style=\"text-align: center;\">DATENSCHUTZPOLITIK UND IMPRESSUM<\/h1>\n<h1 style=\"text-align: center;\"><a href=\"https:\/\/www.klavier-service.com\">www.klavier-service.com<\/a><\/h1>\n<p>&nbsp;<\/p>\n<p><span style=\"font-size: 12pt;\">Der Zweck dieser Allgemeinen Nutzungsbedingungen ist es, die Bedingungen f\u00fcr die Nutzung der Websites <a href=\"http:\/\/www.uglasevanje-klavirjev.si\">www.uglasevanje-klavirjev.si<\/a> und <a href=\"http:\/\/www.uglasevanje.si\">www.uglasevanje.si<\/a> (im Folgenden auch uglasevanje.si und <a href=\"http:\/\/www.klavier-service.com\">klavier-service.com<\/a> genannt) festzulegen.<\/span><\/p>\n<p style=\"font-weight: 400;\"><span style=\"font-size: 12pt;\">Die Allgemeinen Gesch\u00e4ftsbedingungen, die in \u00dcbereinstimmung mit der Gesetzgebung der Republik Slowenien verfasst wurden, gelten f\u00fcr alle Besucher und\/oder Nutzer der Website uglasevanje.si, aller Unterseiten der Website uglasevanje.si und aller verlinkten Seiten.<\/span><\/p>\n<p style=\"font-weight: 400;\"><span style=\"font-size: 12pt;\">Mit dem Betreten der Website uglasevanje.si verpflichtet sich der Nutzer oder Besucher, diese Allgemeinen Nutzungsbedingungen sorgf\u00e4ltig zu lesen und vollst\u00e4ndig einzuhalten.<\/span><\/p>\n<p style=\"font-weight: 400;\"><span style=\"font-size: 12pt;\">Die Website uglasevanje.si ist \u00fcber das World Wide Web unter <a href=\"http:\/\/www.uglasevanje-klavirjev.si\">www.uglasevanje-klavirjev.si<\/a>, <a href=\"http:\/\/www.klavier-service.com\">www.klavier-service.com<\/a> und <a href=\"http:\/\/www.uglasevanje.si\">www.uglasevanje.si<\/a> zug\u00e4nglich.<\/span><\/p>\n<h1 style=\"text-align: center;\">BESUCHER UND BENUTZER<\/h1>\n<p style=\"font-weight: 400;\"><span style=\"font-size: 12pt;\">Ein Besucher der Website ist jede Person, die die Website uglasevanje.si besucht.<\/span><\/p>\n<h1 style=\"text-align: center;\">SPEZIFISCHE REGELN UND ANWEISUNGEN F\u00dcR EINZELNE DIENSTLEISTUNGEN<\/h1>\n<p><span style=\"font-size: 12pt;\">Spezifische Regeln und Anweisungen in Bezug auf bestimmte Dienstleistungen zus\u00e4tzlich zu diesen Allgemeinen Gesch\u00e4ftsbedingungen werden auf den Seiten von uglasevanje.si f\u00fcr jede Dienstleistung dargelegt. Mit der Annahme der Allgemeinen Gesch\u00e4ftsbedingungen akzeptiert der Besucher oder Nutzer auch diese besonderen Regeln und Anweisungen.<\/span><\/p>\n<h1 style=\"text-align: center;\">AKZEPTANZ DER ALLGEMEINEN BEDINGUNGEN UND KONDITIONEN<\/h1>\n<p><span style=\"font-size: 12pt;\">Durch die Nutzung der Website uglasevanje.si akzeptiert der Besucher die vorliegenden Allgemeinen Gesch\u00e4ftsbedingungen und best\u00e4tigt, dass er sie kennt und ihnen zustimmt.<\/span><\/p>\n<h1 style=\"text-align: center;\">SCHUTZ UND VERARBEITUNG PERSONENBEZOGENER DATEN<\/h1>\n<p><span style=\"font-size: 12pt;\">Informationen \u00fcber den Betreiber der Website:<\/span><\/p>\n<p><span style=\"font-size: 12pt;\">Stimmen von Klavieren Andrej Vivod, Selbst\u00e4ndiger im Bereich Kultur, Hersteller und Stimmer von Musikinstrumenten, Pari\u017elje 5E, 3314 Braslov\u010de, Registrierungsnummer: 2687968000, Steuernummer: 85641162, Steuerpflichtiger: NEIN.<\/span><\/p>\n<p><span style=\"font-size: 12pt;\">Kontaktangaben des Verwalters: <a href=\"mailto:info@uglasevanje.si\">info@klavier-service.com<\/a> oder <a href=\"mailto:info@klavier-service.com\">info@klavier-service.com<\/a><\/span><\/p>\n<p><span style=\"font-size: 12pt;\">Kontaktperson f\u00fcr den Datenschutz: <a href=\"mailto:info@uglasevanje.si\">info@klavier-service.com<\/a> oder <a href=\"mailto:info@klavier-service.com\">info@klavier-service.com<\/a><\/span><\/p>\n<p><span style=\"font-size: 12pt;\">Der f\u00fcr die Verarbeitung Verantwortliche kann die personenbezogenen Daten des Nutzers der Website, die er bei der Kontaktaufnahme \u00fcber die Kontaktformulare auf der Website erhalten hat, im Einklang mit den jeweils geltenden Vorschriften zum Schutz personenbezogener Daten (Gesetz \u00fcber den Schutz personenbezogener Daten ZVOP-1, Amtsblatt der Republik Slowenien Nr. 94\/07) verwenden und verarbeiten.<\/span><\/p>\n<p><span style=\"font-size: 12pt;\">Nach ZVOP-1 darf der f\u00fcr die Verarbeitung Verantwortliche personenbezogene Daten verarbeiten, wenn die pers\u00f6nliche Einwilligung des Betroffenen vorliegt. Die pers\u00f6nliche Einwilligung ist eine freiwillige Willenserkl\u00e4rung der betroffenen Person, dass ihre personenbezogenen Daten f\u00fcr einen bestimmten Zweck verarbeitet werden d\u00fcrfen, und wird auf der Grundlage der von dem f\u00fcr die Verarbeitung Verantwortlichen bereitgestellten Informationen erteilt. Die pers\u00f6nliche Einwilligung der betroffenen Person kann schriftlich, m\u00fcndlich oder auf elektronischem Wege erfolgen. Jedes Mal, wenn Sie die Website uglasevanje.si besuchen, wird auf unserem Webserver automatisch Folgendes gespeichert: die interne Besuchshistorie der Sitzungen des Benutzers, die IP-Adresse und der Standort des Ger\u00e4ts sowie Informationen \u00fcber das System und den Browser des Benutzers. Das World Wide Web funktioniert so, dass bestimmte Informationen \u00fcber den Besuch der Website auf den Webservern, auf denen die Website eingerichtet ist, aufgezeichnet werden. Der Betreiber der Website uglasevanje.si verarbeitet die gesammelten Daten nicht gesondert und kombiniert oder verkn\u00fcpft sie nicht mit anderen Daten.<\/span><\/p>\n<p><span style=\"font-size: 12pt;\">Der Zweck der Datenerhebungsverfahren ist es, die Sicherheit des Netzes und der Informationen zu gew\u00e4hrleisten und so einen unbefugten Zugriff zu verhindern, der die Verf\u00fcgbarkeit, Integrit\u00e4t und Vertraulichkeit der gespeicherten Daten und der damit verbundenen Dienstleistungen beeintr\u00e4chtigen k\u00f6nnte.<\/span><\/p>\n<p><span style=\"font-size: 12pt;\">Die erhaltenen personenbezogenen Daten werden von dem f\u00fcr die Verarbeitung Verantwortlichen nur so lange gespeichert, wie es zur Erreichung des Zwecks, f\u00fcr den sie erhoben oder weiterverarbeitet wurden, erforderlich ist. Sobald der Zweck erf\u00fcllt ist, werden die Daten gel\u00f6scht, vernichtet oder anonymisiert.<\/span><\/p>\n<h1 style=\"text-align: center;\">ZWECKE DER VERARBEITUNG<\/h1>\n<p><span style=\"font-size: 12pt;\">Uglasevanje-klavirjev.si wird Ihre Daten nur f\u00fcr festgelegte, eindeutige und rechtm\u00e4\u00dfige Zwecke verarbeiten. Wir verpflichten uns, Ihre personenbezogenen Daten nicht in einer Weise zu verarbeiten, die mit den in dieser Erkl\u00e4rung genannten Zwecken unvereinbar ist.<\/span><\/p>\n<p><span style=\"font-size: 12pt;\">Die Zwecke, f\u00fcr die wir Ihre personenbezogenen Daten verwenden k\u00f6nnen, sind im Folgenden aufgef\u00fchrt.<\/span><\/p>\n<p><span style=\"font-size: 12pt;\">Uglasevanje.si kann Ihre pers\u00f6nlichen Daten f\u00fcr einen oder mehrere der angegebenen Zwecke verwenden.<\/span><\/p>\n<p><span style=\"font-size: 12pt;\">Die Zwecke, f\u00fcr die wir Ihre pers\u00f6nlichen Daten verwenden, sind die folgenden:<\/span><\/p>\n<p><span style=\"font-size: 12pt;\">Kommunikation mit Ihnen in Bezug auf die Erbringung unserer Dienstleistungen und die Beantwortung Ihrer Anfragen (dies umfasst insbesondere Benachrichtigungen \u00fcber die Erbringung von Dienstleistungen und die Beantwortung Ihrer online gestellten Anfragen);<\/span><\/p>\n<p><span style=\"font-size: 12pt;\">zu Zwecken der Marketingkommunikation (dazu geh\u00f6ren Mitteilungen \u00fcber neue Dienstleistungen oder Upgrades bestehender Dienstleistungen und von uglasevanje.si organisierte Veranstaltungen);<\/span><\/p>\n<p><span style=\"font-size: 12pt;\">zu Zwecken der Marketingkommunikation auf der Grundlage von ma\u00dfgeschneiderten oder personalisierten Angeboten. Die Verwendung bestimmter personenbezogener Daten hilft uns, unsere Kommunikation mit Ihnen so zu gestalten, dass sie f\u00fcr Sie so interessant und n\u00fctzlich wie m\u00f6glich ist. Wir werden Marketingkommunikation mit personalisierten oder individualisierten Angeboten nur auf der Grundlage Ihrer ausdr\u00fccklichen Zustimmung durchf\u00fchren.<\/span><\/p>\n<h1 style=\"text-align: center;\">COOKIES<\/h1>\n<p><span style=\"font-size: 12pt;\">Mit dem Besuch und der Nutzung der Website uglasevanje.si erkl\u00e4ren Sie sich mit der Verwendung und Aufzeichnung von Cookies einverstanden.<\/span><\/p>\n<h1 style=\"text-align: center;\">EXTERNE LINKS<\/h1>\n<p><span style=\"font-size: 12pt;\">Obwohl diese Website qualitativ hochwertige, sichere und relevante externe Links enth\u00e4lt, wird den Nutzern empfohlen, nach eigenem Ermessen zu handeln, bevor sie auf externe Weblinks klicken, die auf dieser Website erw\u00e4hnt werden. (Externe Links sind anklickbare Texte\/Banner\/Bilder, die zu anderen Websites f\u00fchren, \u00e4hnlich wie www.dnevnik.si oder das Tagebuch.)<\/span><\/p>\n<p><span style=\"font-size: 12pt;\">Der Betreiber dieser Website kann trotz aller Bem\u00fchungen nicht f\u00fcr den Inhalt der extern verlinkten Seiten garantieren oder diese \u00fcberpr\u00fcfen. Daher wird darauf hingewiesen, dass das Anklicken von externen Links auf dieser Website auf eigene Gefahr erfolgt und der Betreiber nicht f\u00fcr Sch\u00e4den oder Folgen haftet, die aus dem Besuch eines solchen externen Links entstehen.<\/span><\/p>\n<h1 style=\"text-align: center;\">WELCHE RECHTE SIE IN BEZUG AUF IHRE DATEN HABEN<\/h1>\n<p><span style=\"font-size: 12pt;\">Die EU-Vorschriften (Artikel 15 der Verordnung (EU) 2016\/679) sehen vor, dass ein Nutzer vom Betreiber der Website eine Best\u00e4tigung dar\u00fcber erhalten kann, ob ihn betreffende personenbezogene Daten auf der Website verarbeitet werden. Ist dies der Fall, muss dem Nutzer Zugang zu seinen personenbezogenen Daten gew\u00e4hrt werden und er muss auf Anfrage Informationen erhalten \u00fcber:<\/span><\/p>\n<ul>\n<li><span style=\"font-size: 12pt;\">den Zweck der Verarbeitung;<\/span><\/li>\n<li><span style=\"font-size: 12pt;\">die Art der betroffenen personenbezogenen Daten;<\/span><\/li>\n<li><span style=\"font-size: 12pt;\">die Nutzer oder Kategorien von Nutzern, an die die personenbezogenen Daten weitergegeben wurden oder werden, insbesondere Nutzer in Drittl\u00e4ndern oder internationale Organisationen;<\/span><\/li>\n<li><span style=\"font-size: 12pt;\">die Dauer der Aufbewahrung der personenbezogenen Daten, soweit m\u00f6glich, oder, falls dies nicht m\u00f6glich ist, die Kriterien f\u00fcr die Festlegung dieser Dauer;<\/span><\/li>\n<li><span style=\"font-size: 12pt;\">das Bestehen eines Rechts, von dem f\u00fcr die Verarbeitung Verantwortlichen die Berichtigung oder L\u00f6schung personenbezogener Daten oder die Einschr\u00e4nkung der Verarbeitung personenbezogener Daten, die die betroffene Person betreffen, zu verlangen, oder das Bestehen eines Rechts auf Widerspruch gegen eine solche Verarbeitung;<\/span><\/li>\n<li><span style=\"font-size: 12pt;\">die Quelle der Informationen, wenn sie nicht bei der betroffenen Person erhoben wurden;<\/span><\/li>\n<li><span style=\"font-size: 12pt;\">das Vorhandensein einer automatisierten Entscheidungsfindung, einschlie\u00dflich Profilformung.<\/span><\/li>\n<\/ul>\n<p><span style=\"font-size: 12pt;\">Au\u00dferdem muss der f\u00fcr die Verarbeitung Verantwortliche gem\u00e4\u00df den Artikeln 16, 17, 18, 20, 21 und 22 der Allgemeinen Datenschutzverordnung (EU) auf Antrag der betroffenen Person unter bestimmten Bedingungen<\/span><\/p>\n<ul>\n<li><span style=\"font-size: 12pt;\">die personenbezogenen Daten zu berichtigen,<\/span><\/li>\n<li><span style=\"font-size: 12pt;\">die L\u00f6schung der personenbezogenen Daten,<\/span><\/li>\n<li><span style=\"font-size: 12pt;\">die Verarbeitung der personenbezogenen Daten einschr\u00e4nken,<\/span><\/li>\n<li><span style=\"font-size: 12pt;\">die Daten\u00fcbertragbarkeit zu gew\u00e4hrleisten; undEinw\u00e4nde gegen eine automatisierte Verarbeitung, gegen Direktmarketing und gegen eine Verarbeitung zu ber\u00fccksichtigen, die ausschlie\u00dflich aufgrund der berechtigten Interessen des f\u00fcr die Verarbeitung Verantwortlichen oder zur Erf\u00fcllung einer Aufgabe erfolgt, die im \u00f6ffentlichen Interesse wahrgenommen wird.<\/span><\/li>\n<li><span style=\"font-size: 12pt;\">Wenn Sie ein Konto auf dieser Website haben oder Kommentare hinterlassen haben, k\u00f6nnen Sie beim Betreiber der Website beantragen, eine exportierte Datei der personenbezogenen Daten zu erhalten, die wir \u00fcber Sie gespeichert haben, einschlie\u00dflich aller Daten, die Sie uns zur Verf\u00fcgung gestellt haben.<\/span><\/li>\n<li><span style=\"font-size: 12pt;\">Der Antrag kann abgelehnt werden, wenn die Grundvoraussetzungen f\u00fcr die Weitergabe nicht erf\u00fcllt sind (z. B. weil es sich nicht um personenbezogene Daten handelt), wenn der Antrag offensichtlich unbegr\u00fcndet oder \u00fcbertrieben ist oder wenn in der Verfassung, in internationalen Instrumenten oder in sektoralen Gesetzen spezifische Ausnahmen vorgesehen sind.<\/span><\/li>\n<\/ul>\n<h1 style=\"text-align: center;\">URHEBERRECHT<\/h1>\n<p><span style=\"font-size: 12pt;\">Der Inhalt der Website ist ein urheberrechtlich gesch\u00fctztes Werk, dessen Inhaber der Betreiber ist, und unterliegt als solches dem Urheberrecht oder anderen Formen des Schutzes des geistigen Eigentums. Zu den urheberrechtlich, rechtlich und durch andere Rechte am geistigen Eigentum gesch\u00fctzten Inhalten geh\u00f6rt neben den Texten, Bildern und Daten auch die gesamte grafische Gestaltung der Website einschlie\u00dflich aller grafischen Elemente.<\/span><\/p>\n<p><span style=\"font-size: 12pt;\">Die Nutzer d\u00fcrfen die ver\u00f6ffentlichten Inhalte nur f\u00fcr pers\u00f6nliche und nicht-kommerzielle Zwecke nutzen. Jegliche andere Nutzung der Inhalte ist untersagt, einschlie\u00dflich, aber nicht beschr\u00e4nkt auf die \u00c4nderung, das Kopieren, die Ver\u00f6ffentlichung von Inhalten im Ganzen oder in Teilen auf anderen Websites, es sei denn, der Betreiber hat dies ausdr\u00fccklich schriftlich genehmigt.<\/span><\/p>\n<h1 style=\"text-align: center;\">SCHLUSSFOLGERUNG<\/h1>\n<p><span style=\"font-size: 12pt;\">Der Betreiber der Website verpflichtet sich, die Vertraulichkeit der pers\u00f6nlichen Daten der Nutzer der Website uglasevanje.si zu sch\u00fctzen. Die gesammelten Informationen werden ausschlie\u00dflich f\u00fcr den Zweck verwendet, f\u00fcr den sie von den Nutzern der Website zur Verf\u00fcgung gestellt wurden. Die gesammelten Daten werden nicht an Dritte weitergegeben, es sei denn, es ist gesetzlich anders vorgesehen. Es werden alle Anstrengungen unternommen, um personenbezogene Daten vor jeglicher Verletzung und jeglichem Missbrauch zu sch\u00fctzen. Fragen zum Datenschutz k\u00f6nnen an folgende Adresse gerichtet werden: <a href=\"mailto:info@uglasevanje-klavirjev.si\">info@uglasevanje-klavirjev.si<\/a>.<\/span><\/p>\n<h1 style=\"text-align: center;\">G\u00dcLTIGKEIT UND \u00c4NDERUNGEN DER ALLGEMEINEN GESCH\u00c4FTSBEDINGUNGEN<\/h1>\n<p><span style=\"font-size: 12pt;\">Die vorliegenden Allgemeinen Gesch\u00e4ftsbedingungen treten am 1. M\u00e4rz 2021 in Kraft.<\/span><\/p>\n<p><span style=\"font-size: 12pt;\">Mit dem Inkrafttreten der vorliegenden Allgemeinen Gesch\u00e4ftsbedingungen verlieren die vorherigen Allgemeinen Gesch\u00e4ftsbedingungen ihre G\u00fcltigkeit.<\/span><\/p>\n<p><span style=\"font-size: 12pt;\">Der Betreiber beh\u00e4lt sich das Recht vor, die Bestimmungen der Allgemeinen Gesch\u00e4ftsbedingungen f\u00fcr Besucher und Nutzer der Website jederzeit und ohne vorherige Ank\u00fcndigung zu \u00e4ndern oder zu erg\u00e4nzen.<\/span><\/p>\n<p><span style=\"font-size: 12pt;\">Im Falle einer \u00c4nderung oder Erg\u00e4nzung wird der Betreiber diese \u00fcber einen der Kommunikationskan\u00e4le \u00f6ffentlich zug\u00e4nglich machen. Die ge\u00e4nderten oder erg\u00e4nzten Bedingungen sind jedoch f\u00fcr die Besucher und Nutzer automatisch verbindlich, so dass es in ihrer Verantwortung liegt, diese Seite, auf der die allgemeinen Bedingungen aufgef\u00fchrt sind, regelm\u00e4\u00dfig zu besuchen, um zu pr\u00fcfen, ob \u00c4nderungen vorgenommen wurden.<\/span><\/p>\n<p><span style=\"font-size: 12pt;\">Aktualisiert \u00a0am 14. Julij 2024.<\/span><\/p>\n\n\t\t<\/div>\n\t<\/div>\n<\/div><\/div><\/div><\/div>\n<\/div>","protected":false},"excerpt":{"rendered":"DATENSCHUTZPOLITIK UND IMPRESSUM www.klavier-service.com &nbsp; Der Zweck dieser Allgemeinen Nutzungsbedingungen ist es, die Bedingungen f\u00fcr die Nutzung der Websites www.uglasevanje-klavirjev.si und www.uglasevanje.si (im Folgenden auch uglasevanje.si und klavier-service.com genannt) festzulegen. Die Allgemeinen Gesch\u00e4ftsbedingungen, die in \u00dcbereinstimmung mit der Gesetzgebung der...","protected":false},"author":1,"featured_media":0,"parent":0,"menu_order":0,"comment_status":"closed","ping_status":"closed","template":"","meta":{"footnotes":""},"class_list":["post-15","page","type-page","status-publish","hentry"],"yoast_head":"<!-- This site is optimized with the Yoast SEO plugin v26.8 - https:\/\/yoast.com\/product\/yoast-seo-wordpress\/ -->\n<title>Ugla\u0161evanje klavirjev<\/title>\n<meta name=\"robots\" content=\"index, follow, max-snippet:-1, max-image-preview:large, max-video-preview:-1\" \/>\n<link rel=\"canonical\" href=\"https:\/\/uglasevanje-klavirjev.si\/de\/politika-zasebnosti\/\" \/>\n<meta property=\"og:locale\" content=\"de_DE\" \/>\n<meta property=\"og:type\" content=\"article\" \/>\n<meta property=\"og:title\" content=\"Ugla\u0161evanje klavirjev\" \/>\n<meta property=\"og:url\" content=\"https:\/\/uglasevanje-klavirjev.si\/de\/politika-zasebnosti\/\" \/>\n<meta property=\"og:site_name\" content=\"Ugla\u0161evanje klavirjev\" \/>\n<meta property=\"article:modified_time\" content=\"2024-07-14T14:29:21+00:00\" \/>\n<meta name=\"twitter:card\" content=\"summary_large_image\" \/>\n<meta name=\"twitter:label1\" content=\"Gesch\u00e4tzte Lesezeit\" \/>\n\t<meta name=\"twitter:data1\" content=\"8\u00a0Minuten\" \/>\n<script type=\"application\/ld+json\" class=\"yoast-schema-graph\">{\"@context\":\"https:\/\/schema.org\",\"@graph\":[{\"@type\":\"WebPage\",\"@id\":\"https:\/\/uglasevanje-klavirjev.si\/politika-zasebnosti\/\",\"url\":\"https:\/\/uglasevanje-klavirjev.si\/politika-zasebnosti\/\",\"name\":\"Ugla\u0161evanje klavirjev\",\"isPartOf\":{\"@id\":\"https:\/\/uglasevanje-klavirjev.si\/#website\"},\"datePublished\":\"2021-03-01T21:19:31+00:00\",\"dateModified\":\"2024-07-14T14:29:21+00:00\",\"breadcrumb\":{\"@id\":\"https:\/\/uglasevanje-klavirjev.si\/politika-zasebnosti\/#breadcrumb\"},\"inLanguage\":\"de\",\"potentialAction\":[{\"@type\":\"ReadAction\",\"target\":[\"https:\/\/uglasevanje-klavirjev.si\/politika-zasebnosti\/\"]}]},{\"@type\":\"BreadcrumbList\",\"@id\":\"https:\/\/uglasevanje-klavirjev.si\/politika-zasebnosti\/#breadcrumb\",\"itemListElement\":[{\"@type\":\"ListItem\",\"position\":1,\"name\":\"Home\",\"item\":\"https:\/\/uglasevanje-klavirjev.si\/\"},{\"@type\":\"ListItem\",\"position\":2,\"name\":\"Politika zasebnosti\"}]},{\"@type\":\"WebSite\",\"@id\":\"https:\/\/uglasevanje-klavirjev.si\/#website\",\"url\":\"https:\/\/uglasevanje-klavirjev.si\/\",\"name\":\"Ugla\u0161evanje klavirjev\",\"description\":\"Andrej Vivod\",\"publisher\":{\"@id\":\"https:\/\/uglasevanje-klavirjev.si\/#\/schema\/person\/6c881fc09456967feb275bbcd3f79ad1\"},\"potentialAction\":[{\"@type\":\"SearchAction\",\"target\":{\"@type\":\"EntryPoint\",\"urlTemplate\":\"https:\/\/uglasevanje-klavirjev.si\/?s={search_term_string}\"},\"query-input\":{\"@type\":\"PropertyValueSpecification\",\"valueRequired\":true,\"valueName\":\"search_term_string\"}}],\"inLanguage\":\"de\"},{\"@type\":[\"Person\",\"Organization\"],\"@id\":\"https:\/\/uglasevanje-klavirjev.si\/#\/schema\/person\/6c881fc09456967feb275bbcd3f79ad1\",\"name\":\"Andrej Vivod\",\"image\":{\"@type\":\"ImageObject\",\"inLanguage\":\"de\",\"@id\":\"https:\/\/uglasevanje-klavirjev.si\/#\/schema\/person\/image\/\",\"url\":\"https:\/\/secure.gravatar.com\/avatar\/e6adf9fe54b0cb2996cb0b334298fbe850278ac589cdf166e14f957f7e6e0267?s=96&d=mm&r=g\",\"contentUrl\":\"https:\/\/secure.gravatar.com\/avatar\/e6adf9fe54b0cb2996cb0b334298fbe850278ac589cdf166e14f957f7e6e0267?s=96&d=mm&r=g\",\"caption\":\"Andrej Vivod\"},\"logo\":{\"@id\":\"https:\/\/uglasevanje-klavirjev.si\/#\/schema\/person\/image\/\"},\"sameAs\":[\"https:\/\/uglasevanje-klavirjev.si\"]}]}<\/script>\n<!-- \/ Yoast SEO plugin. -->","yoast_head_json":{"title":"Ugla\u0161evanje klavirjev","robots":{"index":"index","follow":"follow","max-snippet":"max-snippet:-1","max-image-preview":"max-image-preview:large","max-video-preview":"max-video-preview:-1"},"canonical":"https:\/\/uglasevanje-klavirjev.si\/de\/politika-zasebnosti\/","og_locale":"de_DE","og_type":"article","og_title":"Ugla\u0161evanje klavirjev","og_url":"https:\/\/uglasevanje-klavirjev.si\/de\/politika-zasebnosti\/","og_site_name":"Ugla\u0161evanje klavirjev","article_modified_time":"2024-07-14T14:29:21+00:00","twitter_card":"summary_large_image","twitter_misc":{"Gesch\u00e4tzte Lesezeit":"8\u00a0Minuten"},"schema":{"@context":"https:\/\/schema.org","@graph":[{"@type":"WebPage","@id":"https:\/\/uglasevanje-klavirjev.si\/politika-zasebnosti\/","url":"https:\/\/uglasevanje-klavirjev.si\/politika-zasebnosti\/","name":"Ugla\u0161evanje klavirjev","isPartOf":{"@id":"https:\/\/uglasevanje-klavirjev.si\/#website"},"datePublished":"2021-03-01T21:19:31+00:00","dateModified":"2024-07-14T14:29:21+00:00","breadcrumb":{"@id":"https:\/\/uglasevanje-klavirjev.si\/politika-zasebnosti\/#breadcrumb"},"inLanguage":"de","potentialAction":[{"@type":"ReadAction","target":["https:\/\/uglasevanje-klavirjev.si\/politika-zasebnosti\/"]}]},{"@type":"BreadcrumbList","@id":"https:\/\/uglasevanje-klavirjev.si\/politika-zasebnosti\/#breadcrumb","itemListElement":[{"@type":"ListItem","position":1,"name":"Home","item":"https:\/\/uglasevanje-klavirjev.si\/"},{"@type":"ListItem","position":2,"name":"Politika zasebnosti"}]},{"@type":"WebSite","@id":"https:\/\/uglasevanje-klavirjev.si\/#website","url":"https:\/\/uglasevanje-klavirjev.si\/","name":"Ugla\u0161evanje klavirjev","description":"Andrej Vivod","publisher":{"@id":"https:\/\/uglasevanje-klavirjev.si\/#\/schema\/person\/6c881fc09456967feb275bbcd3f79ad1"},"potentialAction":[{"@type":"SearchAction","target":{"@type":"EntryPoint","urlTemplate":"https:\/\/uglasevanje-klavirjev.si\/?s={search_term_string}"},"query-input":{"@type":"PropertyValueSpecification","valueRequired":true,"valueName":"search_term_string"}}],"inLanguage":"de"},{"@type":["Person","Organization"],"@id":"https:\/\/uglasevanje-klavirjev.si\/#\/schema\/person\/6c881fc09456967feb275bbcd3f79ad1","name":"Andrej Vivod","image":{"@type":"ImageObject","inLanguage":"de","@id":"https:\/\/uglasevanje-klavirjev.si\/#\/schema\/person\/image\/","url":"https:\/\/secure.gravatar.com\/avatar\/e6adf9fe54b0cb2996cb0b334298fbe850278ac589cdf166e14f957f7e6e0267?s=96&d=mm&r=g","contentUrl":"https:\/\/secure.gravatar.com\/avatar\/e6adf9fe54b0cb2996cb0b334298fbe850278ac589cdf166e14f957f7e6e0267?s=96&d=mm&r=g","caption":"Andrej Vivod"},"logo":{"@id":"https:\/\/uglasevanje-klavirjev.si\/#\/schema\/person\/image\/"},"sameAs":["https:\/\/uglasevanje-klavirjev.si"]}]}},"_links":{"self":[{"href":"https:\/\/uglasevanje-klavirjev.si\/de\/wp-json\/wp\/v2\/pages\/15","targetHints":{"allow":["GET"]}}],"collection":[{"href":"https:\/\/uglasevanje-klavirjev.si\/de\/wp-json\/wp\/v2\/pages"}],"about":[{"href":"https:\/\/uglasevanje-klavirjev.si\/de\/wp-json\/wp\/v2\/types\/page"}],"author":[{"embeddable":true,"href":"https:\/\/uglasevanje-klavirjev.si\/de\/wp-json\/wp\/v2\/users\/1"}],"replies":[{"embeddable":true,"href":"https:\/\/uglasevanje-klavirjev.si\/de\/wp-json\/wp\/v2\/comments?post=15"}],"version-history":[{"count":4,"href":"https:\/\/uglasevanje-klavirjev.si\/de\/wp-json\/wp\/v2\/pages\/15\/revisions"}],"predecessor-version":[{"id":723,"href":"https:\/\/uglasevanje-klavirjev.si\/de\/wp-json\/wp\/v2\/pages\/15\/revisions\/723"}],"wp:attachment":[{"href":"https:\/\/uglasevanje-klavirjev.si\/de\/wp-json\/wp\/v2\/media?parent=15"}],"curies":[{"name":"wp","href":"https:\/\/api.w.org\/{rel}","templated":true}]}}