{"id":35,"date":"2021-03-07T15:24:07","date_gmt":"2021-03-07T15:24:07","guid":{"rendered":"https:\/\/uglasevanje-klavirjev.si\/?page_id=35"},"modified":"2026-01-27T09:56:33","modified_gmt":"2026-01-27T08:56:33","slug":"intoniranje","status":"publish","type":"page","link":"https:\/\/uglasevanje-klavirjev.si\/de\/intoniranje\/","title":{"rendered":"Intonieren"},"content":{"rendered":"<div class=\"wpb-content-wrapper\"><div class=\"vc_row wpb_row vc_row-fluid vc_row-o-content-middle vc_row-flex amz-container-fluid-no-spaces\"><div class=\"wpb_column vc_column_container vc_col-sm-12\"><div class=\"vc_column-inner\"><div class=\"wpb_wrapper\">\n\t<div class=\"wpb_text_column wpb_content_element\" >\n\t\t<div class=\"wpb_wrapper\">\n\t\t\t<h1 style=\"text-align: center;\"><span style=\"font-size: 36pt; color: #ffffff;\">\u00dcber das Intonieren<\/span><\/h1>\n\n\t\t<\/div>\n\t<\/div>\n<\/div><\/div><\/div><\/div><!-- Row Backgrounds --><div class=\"upb_bg_img\" data-ultimate-bg=\"url(https:\/\/uglasevanje-klavirjev.si\/wp-content\/uploads\/2026\/01\/uglasitev_IV_top-3.jpg)\" data-image-id=\"id^940|url^https:\/\/uglasevanje-klavirjev.si\/wp-content\/uploads\/2026\/01\/uglasitev_IV_top-3.jpg|caption^null|alt^null|title^uglasitev_IV_top-3|description^null\" data-ultimate-bg-style=\"vcpb-vz-jquery\" data-bg-img-repeat=\"no-repeat\" data-bg-img-size=\"cover\" data-bg-img-position=\"\" data-parallx_sense=\"30\" data-bg-override=\"0\" data-bg_img_attach=\"scroll\" data-upb-overlay-color=\"\" data-upb-bg-animation=\"\" data-fadeout=\"\" data-bg-animation=\"left-animation\" data-bg-animation-type=\"h\" data-animation-repeat=\"repeat\" data-fadeout-percentage=\"30\" data-parallax-content=\"\" data-parallax-content-sense=\"30\" data-row-effect-mobile-disable=\"true\" data-img-parallax-mobile-disable=\"false\" data-rtl=\"false\"  data-custom-vc-row=\"\"  data-vc=\"8.6.1\"  data-is_old_vc=\"\"  data-theme-support=\"\"   data-overlay=\"false\" data-overlay-color=\"\" data-overlay-pattern=\"\" data-overlay-pattern-opacity=\"\" data-overlay-pattern-size=\"\"    ><\/div><div class=\"vc_row wpb_row vc_row-fluid no-padding-vc-row container\"><div class=\"wpb_column vc_column_container vc_col-sm-12\"><div class=\"vc_column-inner\"><div class=\"wpb_wrapper\">\n\t<div class=\"wpb_text_column wpb_content_element\" >\n\t\t<div class=\"wpb_wrapper\">\n\t\t\t<div>\n<p><span lang=\"SL\" style=\"font-size: 12pt;\">Im Gegensatz zum Stimmen, bei dem die Tonh\u00f6he der Saiten durch Spannen oder Nachlassen ver\u00e4ndert wird, werden bei der Intonation die Hammerk\u00f6pfe bearbeitet die die Saiten in Schwingung versetzen. Je nach H\u00e4rte des Filzes, der \u00fcber einen Holzkern gespannt ist, erh\u00e4lt das Instrument seinen charakteristischen Klang. Tendenziell gilt: Je h\u00e4rter der Filz, desto sch\u00e4rfer bzw. heller der Klang des Instruments. Je weicher der Filz auf den H\u00e4mmern, desto weicher bzw. dunkler der Klang des Instrumentes.<\/span><\/p>\n<p><span style=\"font-size: 12pt;\">Schon bei der Herstellung neuer Instrumente werden unterschiedlich harte Filze verwendet, so dass jedes Instrument einen anderen Klang hat. Selbst bei identischen Modellen der gleichen Marke gibt es minimale Unterschiede.<\/span><\/p>\n<p><span style=\"font-size: 12pt;\">Wenn das Instrument gespielt wird, werden die H\u00e4mmer fr\u00fcher oder sp\u00e4ter von den Saiten eingekerbt, was zu einem sch\u00e4rferen, metallischeren Klang f\u00fchrt.<\/span><\/p>\n<p><span style=\"font-size: 12pt;\">Um einen weicheren Klang wiederherzustellen, m\u00fcssen die H\u00e4mmer abgeschliffen werden und mit Intoniernadeln bearbeitet werden.<\/span><\/p>\n<\/div>\n\n\t\t<\/div>\n\t<\/div>\n<div class=\"vc_row wpb_row vc_inner vc_row-fluid\"><div class=\"wpb_column vc_column_container vc_col-sm-12\"><div class=\"vc_column-inner\"><div class=\"wpb_wrapper\"><div class=\"vc_btn3-container vc_btn3-inline vc_do_btn\" ><a class=\"vc_general vc_btn3 vc_btn3-size-md vc_btn3-shape-square vc_btn3-style-flat vc_btn3-color-default\" href=\"https:\/\/uglasevanje-klavirjev.si\/intoniranje\/brusenje-kladivc\/\" title=\"Vorstimmen\">Abziehen der Hammerk\u00f6pfe<\/a><\/div><div class=\"vc_btn3-container vc_btn3-inline vc_do_btn\" ><a class=\"vc_general vc_btn3 vc_btn3-size-md vc_btn3-shape-square vc_btn3-style-flat vc_btn3-color-default\" href=\"https:\/\/uglasevanje-klavirjev.si\/intoniranje\/o-intoniranju\/\" title=\"Vorstimmen\">Intonieren<\/a><\/div><\/div><\/div><\/div><\/div><\/div><\/div><\/div><\/div>\n<\/div>","protected":false},"excerpt":{"rendered":"O intoniranju Pri intoniranju se za razliko od ugla\u0161evanja, kjer se z napenjanjem ali spro\u0161\u010danjem strun spreminja vi\u0161ina tona, obdelujejo kladivca, ki udarjajo na strune in s tem po\u017eenejo struno v nihanje. Glede na trdoto klobu\u010devine (filca), ki je napeta...","protected":false},"author":1,"featured_media":0,"parent":0,"menu_order":0,"comment_status":"closed","ping_status":"closed","template":"","meta":{"footnotes":""},"class_list":["post-35","page","type-page","status-publish","hentry"],"yoast_head":"<!-- This site is optimized with the Yoast SEO plugin v26.8 - https:\/\/yoast.com\/product\/yoast-seo-wordpress\/ -->\n<title>Ugla\u0161evanje klavirjev<\/title>\n<meta name=\"robots\" content=\"index, follow, max-snippet:-1, max-image-preview:large, max-video-preview:-1\" \/>\n<link rel=\"canonical\" href=\"https:\/\/uglasevanje-klavirjev.si\/de\/intoniranje\/\" \/>\n<meta property=\"og:locale\" content=\"de_DE\" \/>\n<meta property=\"og:type\" content=\"article\" \/>\n<meta property=\"og:title\" content=\"Ugla\u0161evanje klavirjev\" \/>\n<meta property=\"og:url\" content=\"https:\/\/uglasevanje-klavirjev.si\/de\/intoniranje\/\" \/>\n<meta property=\"og:site_name\" content=\"Ugla\u0161evanje klavirjev\" \/>\n<meta property=\"article:modified_time\" content=\"2026-01-27T08:56:33+00:00\" \/>\n<meta name=\"twitter:card\" content=\"summary_large_image\" \/>\n<meta name=\"twitter:label1\" content=\"Gesch\u00e4tzte Lesezeit\" \/>\n\t<meta name=\"twitter:data1\" content=\"1\u00a0Minute\" \/>\n<script type=\"application\/ld+json\" class=\"yoast-schema-graph\">{\"@context\":\"https:\/\/schema.org\",\"@graph\":[{\"@type\":\"WebPage\",\"@id\":\"https:\/\/uglasevanje-klavirjev.si\/intoniranje\/\",\"url\":\"https:\/\/uglasevanje-klavirjev.si\/intoniranje\/\",\"name\":\"Ugla\u0161evanje klavirjev\",\"isPartOf\":{\"@id\":\"https:\/\/uglasevanje-klavirjev.si\/#website\"},\"datePublished\":\"2021-03-07T15:24:07+00:00\",\"dateModified\":\"2026-01-27T08:56:33+00:00\",\"breadcrumb\":{\"@id\":\"https:\/\/uglasevanje-klavirjev.si\/intoniranje\/#breadcrumb\"},\"inLanguage\":\"de\",\"potentialAction\":[{\"@type\":\"ReadAction\",\"target\":[\"https:\/\/uglasevanje-klavirjev.si\/intoniranje\/\"]}]},{\"@type\":\"BreadcrumbList\",\"@id\":\"https:\/\/uglasevanje-klavirjev.si\/intoniranje\/#breadcrumb\",\"itemListElement\":[{\"@type\":\"ListItem\",\"position\":1,\"name\":\"Home\",\"item\":\"https:\/\/uglasevanje-klavirjev.si\/\"},{\"@type\":\"ListItem\",\"position\":2,\"name\":\"Intoniranje\"}]},{\"@type\":\"WebSite\",\"@id\":\"https:\/\/uglasevanje-klavirjev.si\/#website\",\"url\":\"https:\/\/uglasevanje-klavirjev.si\/\",\"name\":\"Ugla\u0161evanje klavirjev\",\"description\":\"Andrej Vivod\",\"publisher\":{\"@id\":\"https:\/\/uglasevanje-klavirjev.si\/#\/schema\/person\/6c881fc09456967feb275bbcd3f79ad1\"},\"potentialAction\":[{\"@type\":\"SearchAction\",\"target\":{\"@type\":\"EntryPoint\",\"urlTemplate\":\"https:\/\/uglasevanje-klavirjev.si\/?s={search_term_string}\"},\"query-input\":{\"@type\":\"PropertyValueSpecification\",\"valueRequired\":true,\"valueName\":\"search_term_string\"}}],\"inLanguage\":\"de\"},{\"@type\":[\"Person\",\"Organization\"],\"@id\":\"https:\/\/uglasevanje-klavirjev.si\/#\/schema\/person\/6c881fc09456967feb275bbcd3f79ad1\",\"name\":\"Andrej Vivod\",\"image\":{\"@type\":\"ImageObject\",\"inLanguage\":\"de\",\"@id\":\"https:\/\/uglasevanje-klavirjev.si\/#\/schema\/person\/image\/\",\"url\":\"https:\/\/secure.gravatar.com\/avatar\/e6adf9fe54b0cb2996cb0b334298fbe850278ac589cdf166e14f957f7e6e0267?s=96&d=mm&r=g\",\"contentUrl\":\"https:\/\/secure.gravatar.com\/avatar\/e6adf9fe54b0cb2996cb0b334298fbe850278ac589cdf166e14f957f7e6e0267?s=96&d=mm&r=g\",\"caption\":\"Andrej Vivod\"},\"logo\":{\"@id\":\"https:\/\/uglasevanje-klavirjev.si\/#\/schema\/person\/image\/\"},\"sameAs\":[\"https:\/\/uglasevanje-klavirjev.si\"]}]}<\/script>\n<!-- \/ Yoast SEO plugin. -->","yoast_head_json":{"title":"Ugla\u0161evanje klavirjev","robots":{"index":"index","follow":"follow","max-snippet":"max-snippet:-1","max-image-preview":"max-image-preview:large","max-video-preview":"max-video-preview:-1"},"canonical":"https:\/\/uglasevanje-klavirjev.si\/de\/intoniranje\/","og_locale":"de_DE","og_type":"article","og_title":"Ugla\u0161evanje klavirjev","og_url":"https:\/\/uglasevanje-klavirjev.si\/de\/intoniranje\/","og_site_name":"Ugla\u0161evanje klavirjev","article_modified_time":"2026-01-27T08:56:33+00:00","twitter_card":"summary_large_image","twitter_misc":{"Gesch\u00e4tzte Lesezeit":"1\u00a0Minute"},"schema":{"@context":"https:\/\/schema.org","@graph":[{"@type":"WebPage","@id":"https:\/\/uglasevanje-klavirjev.si\/intoniranje\/","url":"https:\/\/uglasevanje-klavirjev.si\/intoniranje\/","name":"Ugla\u0161evanje klavirjev","isPartOf":{"@id":"https:\/\/uglasevanje-klavirjev.si\/#website"},"datePublished":"2021-03-07T15:24:07+00:00","dateModified":"2026-01-27T08:56:33+00:00","breadcrumb":{"@id":"https:\/\/uglasevanje-klavirjev.si\/intoniranje\/#breadcrumb"},"inLanguage":"de","potentialAction":[{"@type":"ReadAction","target":["https:\/\/uglasevanje-klavirjev.si\/intoniranje\/"]}]},{"@type":"BreadcrumbList","@id":"https:\/\/uglasevanje-klavirjev.si\/intoniranje\/#breadcrumb","itemListElement":[{"@type":"ListItem","position":1,"name":"Home","item":"https:\/\/uglasevanje-klavirjev.si\/"},{"@type":"ListItem","position":2,"name":"Intoniranje"}]},{"@type":"WebSite","@id":"https:\/\/uglasevanje-klavirjev.si\/#website","url":"https:\/\/uglasevanje-klavirjev.si\/","name":"Ugla\u0161evanje klavirjev","description":"Andrej Vivod","publisher":{"@id":"https:\/\/uglasevanje-klavirjev.si\/#\/schema\/person\/6c881fc09456967feb275bbcd3f79ad1"},"potentialAction":[{"@type":"SearchAction","target":{"@type":"EntryPoint","urlTemplate":"https:\/\/uglasevanje-klavirjev.si\/?s={search_term_string}"},"query-input":{"@type":"PropertyValueSpecification","valueRequired":true,"valueName":"search_term_string"}}],"inLanguage":"de"},{"@type":["Person","Organization"],"@id":"https:\/\/uglasevanje-klavirjev.si\/#\/schema\/person\/6c881fc09456967feb275bbcd3f79ad1","name":"Andrej Vivod","image":{"@type":"ImageObject","inLanguage":"de","@id":"https:\/\/uglasevanje-klavirjev.si\/#\/schema\/person\/image\/","url":"https:\/\/secure.gravatar.com\/avatar\/e6adf9fe54b0cb2996cb0b334298fbe850278ac589cdf166e14f957f7e6e0267?s=96&d=mm&r=g","contentUrl":"https:\/\/secure.gravatar.com\/avatar\/e6adf9fe54b0cb2996cb0b334298fbe850278ac589cdf166e14f957f7e6e0267?s=96&d=mm&r=g","caption":"Andrej Vivod"},"logo":{"@id":"https:\/\/uglasevanje-klavirjev.si\/#\/schema\/person\/image\/"},"sameAs":["https:\/\/uglasevanje-klavirjev.si"]}]}},"_links":{"self":[{"href":"https:\/\/uglasevanje-klavirjev.si\/de\/wp-json\/wp\/v2\/pages\/35","targetHints":{"allow":["GET"]}}],"collection":[{"href":"https:\/\/uglasevanje-klavirjev.si\/de\/wp-json\/wp\/v2\/pages"}],"about":[{"href":"https:\/\/uglasevanje-klavirjev.si\/de\/wp-json\/wp\/v2\/types\/page"}],"author":[{"embeddable":true,"href":"https:\/\/uglasevanje-klavirjev.si\/de\/wp-json\/wp\/v2\/users\/1"}],"replies":[{"embeddable":true,"href":"https:\/\/uglasevanje-klavirjev.si\/de\/wp-json\/wp\/v2\/comments?post=35"}],"version-history":[{"count":2,"href":"https:\/\/uglasevanje-klavirjev.si\/de\/wp-json\/wp\/v2\/pages\/35\/revisions"}],"predecessor-version":[{"id":941,"href":"https:\/\/uglasevanje-klavirjev.si\/de\/wp-json\/wp\/v2\/pages\/35\/revisions\/941"}],"wp:attachment":[{"href":"https:\/\/uglasevanje-klavirjev.si\/de\/wp-json\/wp\/v2\/media?parent=35"}],"curies":[{"name":"wp","href":"https:\/\/api.w.org\/{rel}","templated":true}]}}