{"id":445,"date":"2023-06-29T08:31:47","date_gmt":"2023-06-29T07:31:47","guid":{"rendered":"https:\/\/uglasevanje-klavirjev.si\/?page_id=445"},"modified":"2024-07-15T06:42:00","modified_gmt":"2024-07-15T05:42:00","slug":"reguliranje-klaviature","status":"publish","type":"page","link":"https:\/\/uglasevanje-klavirjev.si\/de\/reguliranje\/reguliranje-klaviature\/","title":{"rendered":"Regulierung"},"content":{"rendered":"<div class=\"wpb-content-wrapper\"><div class=\"vc_row wpb_row vc_row-fluid amz-container-fluid-no-spaces\"><div class=\"wpb_column vc_column_container vc_col-sm-12\"><div class=\"vc_column-inner\"><div class=\"wpb_wrapper\">\n\t<div class=\"wpb_text_column wpb_content_element\" >\n\t\t<div class=\"wpb_wrapper\">\n\t\t\t<h1 style=\"text-align: center;\"><span style=\"font-size: 36pt; color: #ffffff;\">Regulierung<\/span><\/h1>\n\n\t\t<\/div>\n\t<\/div>\n<\/div><\/div><\/div><\/div><!-- Row Backgrounds --><div class=\"upb_bg_img\" data-ultimate-bg=\"url(https:\/\/uglasevanje-klavirjev.si\/wp-content\/uploads\/2021\/03\/uglasitev_IV_top.jpg)\" data-image-id=\"id^289|url^https:\/\/uglasevanje-klavirjev.si\/wp-content\/uploads\/2021\/03\/uglasitev_IV_top.jpg|caption^null|alt^null|title^uglasitev_IV_top|description^null\" data-ultimate-bg-style=\"vcpb-vz-jquery\" data-bg-img-repeat=\"repeat\" data-bg-img-size=\"cover\" data-bg-img-position=\"\" data-parallx_sense=\"30\" data-bg-override=\"0\" data-bg_img_attach=\"scroll\" data-upb-overlay-color=\"\" data-upb-bg-animation=\"\" data-fadeout=\"\" data-bg-animation=\"left-animation\" data-bg-animation-type=\"h\" data-animation-repeat=\"repeat\" data-fadeout-percentage=\"30\" data-parallax-content=\"\" data-parallax-content-sense=\"30\" data-row-effect-mobile-disable=\"true\" data-img-parallax-mobile-disable=\"true\" data-rtl=\"false\"  data-custom-vc-row=\"\"  data-vc=\"8.6.1\"  data-is_old_vc=\"\"  data-theme-support=\"\"   data-overlay=\"false\" data-overlay-color=\"\" data-overlay-pattern=\"\" data-overlay-pattern-opacity=\"\" data-overlay-pattern-size=\"\"    ><\/div><div class=\"vc_row wpb_row vc_row-fluid no-padding-vc-row container\"><div class=\"wpb_column vc_column_container vc_col-sm-12\"><div class=\"vc_column-inner\"><div class=\"wpb_wrapper\">\n\t<div class=\"wpb_text_column wpb_content_element\" >\n\t\t<div class=\"wpb_wrapper\">\n\t\t\t<p style=\"font-weight: 400;\"><span style=\"font-size: 12pt;\">Unter die Regulierung z\u00e4hlen die folgenden Arbeiten:<\/span><\/p>\n<ul>\n<li><span style=\"font-size: 12pt;\">Einstellen der Tasten (seitliches Tastenspiel, Tasten \u00bbzum Fall bringen\u00ab, Einstellen der Tastenh\u00f6he in dessen Spieltiefe, usw.);<\/span><\/li>\n<\/ul>\n\n\t\t<\/div>\n\t<\/div>\n\n\t<div  class=\"wpb_single_image wpb_content_element vc_align_left wpb_content_element\">\n\t\t\n\t\t<figure class=\"wpb_wrapper vc_figure\">\n\t\t\t<a class=\"\" data-lightbox=\"lightbox[rel-445-3555971233]\" href=\"https:\/\/uglasevanje-klavirjev.si\/wp-content\/uploads\/2023\/06\/Foto_Matej_Tomazin_DSF4499-1024x682.jpg\" target=\"_self\"><img loading=\"lazy\" decoding=\"async\" width=\"300\" height=\"200\" src=\"https:\/\/uglasevanje-klavirjev.si\/wp-content\/uploads\/2023\/06\/Foto_Matej_Tomazin_DSF4499-300x200.jpg\" class=\"vc_single_image-img attachment-medium\" alt=\"\" title=\"Foto_Matej_Tomazin_DSF4499\" srcset=\"https:\/\/uglasevanje-klavirjev.si\/wp-content\/uploads\/2023\/06\/Foto_Matej_Tomazin_DSF4499-300x200.jpg 300w, https:\/\/uglasevanje-klavirjev.si\/wp-content\/uploads\/2023\/06\/Foto_Matej_Tomazin_DSF4499-1024x682.jpg 1024w, https:\/\/uglasevanje-klavirjev.si\/wp-content\/uploads\/2023\/06\/Foto_Matej_Tomazin_DSF4499-768x512.jpg 768w, https:\/\/uglasevanje-klavirjev.si\/wp-content\/uploads\/2023\/06\/Foto_Matej_Tomazin_DSF4499-1536x1023.jpg 1536w, https:\/\/uglasevanje-klavirjev.si\/wp-content\/uploads\/2023\/06\/Foto_Matej_Tomazin_DSF4499.jpg 1600w\" sizes=\"auto, (max-width: 300px) 100vw, 300px\" \/><\/a>\n\t\t<\/figure>\n\t<\/div>\n\n\t<div class=\"wpb_text_column wpb_content_element\" >\n\t\t<div class=\"wpb_wrapper\">\n\t\t\t<ul>\n<li><span style=\"font-size: 12pt;\">Einstellung der Hebeglieder, Repetierfedern;<\/span><\/li>\n<li><span style=\"font-size: 12pt;\">Regulation der Hammerk\u00f6pfe (Anpassen der Anschlagsrichtung);<\/span><\/li>\n<\/ul>\n\n\t\t<\/div>\n\t<\/div>\n\n\t<div  class=\"wpb_single_image wpb_content_element vc_align_left wpb_content_element\">\n\t\t\n\t\t<figure class=\"wpb_wrapper vc_figure\">\n\t\t\t<a class=\"\" data-lightbox=\"lightbox[rel-445-509244590]\" href=\"https:\/\/uglasevanje-klavirjev.si\/wp-content\/uploads\/2023\/06\/Foto_Matej_Tomazin_DSF4509-1024x682.jpg\" target=\"_self\"><img loading=\"lazy\" decoding=\"async\" width=\"300\" height=\"200\" src=\"https:\/\/uglasevanje-klavirjev.si\/wp-content\/uploads\/2023\/06\/Foto_Matej_Tomazin_DSF4509-300x200.jpg\" class=\"vc_single_image-img attachment-medium\" alt=\"\" title=\"Foto_Matej_Tomazin_DSF4509\" srcset=\"https:\/\/uglasevanje-klavirjev.si\/wp-content\/uploads\/2023\/06\/Foto_Matej_Tomazin_DSF4509-300x200.jpg 300w, https:\/\/uglasevanje-klavirjev.si\/wp-content\/uploads\/2023\/06\/Foto_Matej_Tomazin_DSF4509-1024x682.jpg 1024w, https:\/\/uglasevanje-klavirjev.si\/wp-content\/uploads\/2023\/06\/Foto_Matej_Tomazin_DSF4509-768x512.jpg 768w, https:\/\/uglasevanje-klavirjev.si\/wp-content\/uploads\/2023\/06\/Foto_Matej_Tomazin_DSF4509-1536x1023.jpg 1536w, https:\/\/uglasevanje-klavirjev.si\/wp-content\/uploads\/2023\/06\/Foto_Matej_Tomazin_DSF4509.jpg 1600w\" sizes=\"auto, (max-width: 300px) 100vw, 300px\" \/><\/a>\n\t\t<\/figure>\n\t<\/div>\n\n\t<div class=\"wpb_text_column wpb_content_element\" >\n\t\t<div class=\"wpb_wrapper\">\n\t\t\t<ul>\n<li><span style=\"font-size: 12pt;\">Einstellung der D\u00e4mpfer.<\/span><\/li>\n<\/ul>\n\n\t\t<\/div>\n\t<\/div>\n<div class=\"vc_row wpb_row vc_inner vc_row-fluid\"><div class=\"wpb_column vc_column_container vc_col-sm-12\"><div class=\"vc_column-inner\"><div class=\"wpb_wrapper\"><div class=\"vc_btn3-container vc_btn3-center vc_do_btn\" ><a class=\"vc_general vc_btn3 vc_btn3-size-md vc_btn3-shape-square vc_btn3-style-flat vc_btn3-color-default\" href=\"https:\/\/uglasevanje-klavirjev.si\/de\/narocilo-storitve\/\" title=\"Vorstimmen\">Termin buchen<\/a><\/div><\/div><\/div><\/div><\/div><\/div><\/div><\/div><\/div>\n<\/div>","protected":false},"excerpt":{"rendered":"Reguliranje Pod reguliranje spadajo slede\u010da dela: reguliranje klaviature (stranski hod, drsenje tipk po vodilih, vi\u0161ina in ugrez tipk \u2026); reguliranje dvi\u017enih vzvodov; kladivc (optimiranje smeri giba kladivc na premi\u010dni osi, in optimiranje smeri giba na nosilcih kladivc); reguliranje du\u0161ilcev. Termin...","protected":false},"author":1,"featured_media":0,"parent":37,"menu_order":0,"comment_status":"closed","ping_status":"closed","template":"","meta":{"footnotes":""},"class_list":["post-445","page","type-page","status-publish","hentry"],"yoast_head":"<!-- This site is optimized with the Yoast SEO plugin v26.8 - https:\/\/yoast.com\/product\/yoast-seo-wordpress\/ -->\n<title>Ugla\u0161evanje klavirjev<\/title>\n<meta name=\"robots\" content=\"index, follow, max-snippet:-1, max-image-preview:large, max-video-preview:-1\" \/>\n<link rel=\"canonical\" href=\"https:\/\/uglasevanje-klavirjev.si\/de\/reguliranje\/reguliranje-klaviature\/\" \/>\n<meta property=\"og:locale\" content=\"de_DE\" \/>\n<meta property=\"og:type\" content=\"article\" \/>\n<meta property=\"og:title\" content=\"Ugla\u0161evanje klavirjev\" \/>\n<meta property=\"og:url\" content=\"https:\/\/uglasevanje-klavirjev.si\/de\/reguliranje\/reguliranje-klaviature\/\" \/>\n<meta property=\"og:site_name\" content=\"Ugla\u0161evanje klavirjev\" \/>\n<meta property=\"article:modified_time\" content=\"2024-07-15T05:42:00+00:00\" \/>\n<meta name=\"twitter:card\" content=\"summary_large_image\" \/>\n<meta name=\"twitter:label1\" content=\"Gesch\u00e4tzte Lesezeit\" \/>\n\t<meta name=\"twitter:data1\" content=\"1\u00a0Minute\" \/>\n<script type=\"application\/ld+json\" class=\"yoast-schema-graph\">{\"@context\":\"https:\/\/schema.org\",\"@graph\":[{\"@type\":\"WebPage\",\"@id\":\"https:\/\/uglasevanje-klavirjev.si\/reguliranje\/reguliranje-klaviature\/\",\"url\":\"https:\/\/uglasevanje-klavirjev.si\/reguliranje\/reguliranje-klaviature\/\",\"name\":\"Ugla\u0161evanje klavirjev\",\"isPartOf\":{\"@id\":\"https:\/\/uglasevanje-klavirjev.si\/#website\"},\"datePublished\":\"2023-06-29T07:31:47+00:00\",\"dateModified\":\"2024-07-15T05:42:00+00:00\",\"breadcrumb\":{\"@id\":\"https:\/\/uglasevanje-klavirjev.si\/reguliranje\/reguliranje-klaviature\/#breadcrumb\"},\"inLanguage\":\"de\",\"potentialAction\":[{\"@type\":\"ReadAction\",\"target\":[\"https:\/\/uglasevanje-klavirjev.si\/reguliranje\/reguliranje-klaviature\/\"]}]},{\"@type\":\"BreadcrumbList\",\"@id\":\"https:\/\/uglasevanje-klavirjev.si\/reguliranje\/reguliranje-klaviature\/#breadcrumb\",\"itemListElement\":[{\"@type\":\"ListItem\",\"position\":1,\"name\":\"Home\",\"item\":\"https:\/\/uglasevanje-klavirjev.si\/\"},{\"@type\":\"ListItem\",\"position\":2,\"name\":\"Reguliranje\",\"item\":\"https:\/\/uglasevanje-klavirjev.si\/reguliranje\/\"},{\"@type\":\"ListItem\",\"position\":3,\"name\":\"Reguliranje\"}]},{\"@type\":\"WebSite\",\"@id\":\"https:\/\/uglasevanje-klavirjev.si\/#website\",\"url\":\"https:\/\/uglasevanje-klavirjev.si\/\",\"name\":\"Ugla\u0161evanje klavirjev\",\"description\":\"Andrej Vivod\",\"publisher\":{\"@id\":\"https:\/\/uglasevanje-klavirjev.si\/#\/schema\/person\/6c881fc09456967feb275bbcd3f79ad1\"},\"potentialAction\":[{\"@type\":\"SearchAction\",\"target\":{\"@type\":\"EntryPoint\",\"urlTemplate\":\"https:\/\/uglasevanje-klavirjev.si\/?s={search_term_string}\"},\"query-input\":{\"@type\":\"PropertyValueSpecification\",\"valueRequired\":true,\"valueName\":\"search_term_string\"}}],\"inLanguage\":\"de\"},{\"@type\":[\"Person\",\"Organization\"],\"@id\":\"https:\/\/uglasevanje-klavirjev.si\/#\/schema\/person\/6c881fc09456967feb275bbcd3f79ad1\",\"name\":\"Andrej Vivod\",\"image\":{\"@type\":\"ImageObject\",\"inLanguage\":\"de\",\"@id\":\"https:\/\/uglasevanje-klavirjev.si\/#\/schema\/person\/image\/\",\"url\":\"https:\/\/secure.gravatar.com\/avatar\/e6adf9fe54b0cb2996cb0b334298fbe850278ac589cdf166e14f957f7e6e0267?s=96&d=mm&r=g\",\"contentUrl\":\"https:\/\/secure.gravatar.com\/avatar\/e6adf9fe54b0cb2996cb0b334298fbe850278ac589cdf166e14f957f7e6e0267?s=96&d=mm&r=g\",\"caption\":\"Andrej Vivod\"},\"logo\":{\"@id\":\"https:\/\/uglasevanje-klavirjev.si\/#\/schema\/person\/image\/\"},\"sameAs\":[\"https:\/\/uglasevanje-klavirjev.si\"]}]}<\/script>\n<!-- \/ Yoast SEO plugin. -->","yoast_head_json":{"title":"Ugla\u0161evanje klavirjev","robots":{"index":"index","follow":"follow","max-snippet":"max-snippet:-1","max-image-preview":"max-image-preview:large","max-video-preview":"max-video-preview:-1"},"canonical":"https:\/\/uglasevanje-klavirjev.si\/de\/reguliranje\/reguliranje-klaviature\/","og_locale":"de_DE","og_type":"article","og_title":"Ugla\u0161evanje klavirjev","og_url":"https:\/\/uglasevanje-klavirjev.si\/de\/reguliranje\/reguliranje-klaviature\/","og_site_name":"Ugla\u0161evanje klavirjev","article_modified_time":"2024-07-15T05:42:00+00:00","twitter_card":"summary_large_image","twitter_misc":{"Gesch\u00e4tzte Lesezeit":"1\u00a0Minute"},"schema":{"@context":"https:\/\/schema.org","@graph":[{"@type":"WebPage","@id":"https:\/\/uglasevanje-klavirjev.si\/reguliranje\/reguliranje-klaviature\/","url":"https:\/\/uglasevanje-klavirjev.si\/reguliranje\/reguliranje-klaviature\/","name":"Ugla\u0161evanje klavirjev","isPartOf":{"@id":"https:\/\/uglasevanje-klavirjev.si\/#website"},"datePublished":"2023-06-29T07:31:47+00:00","dateModified":"2024-07-15T05:42:00+00:00","breadcrumb":{"@id":"https:\/\/uglasevanje-klavirjev.si\/reguliranje\/reguliranje-klaviature\/#breadcrumb"},"inLanguage":"de","potentialAction":[{"@type":"ReadAction","target":["https:\/\/uglasevanje-klavirjev.si\/reguliranje\/reguliranje-klaviature\/"]}]},{"@type":"BreadcrumbList","@id":"https:\/\/uglasevanje-klavirjev.si\/reguliranje\/reguliranje-klaviature\/#breadcrumb","itemListElement":[{"@type":"ListItem","position":1,"name":"Home","item":"https:\/\/uglasevanje-klavirjev.si\/"},{"@type":"ListItem","position":2,"name":"Reguliranje","item":"https:\/\/uglasevanje-klavirjev.si\/reguliranje\/"},{"@type":"ListItem","position":3,"name":"Reguliranje"}]},{"@type":"WebSite","@id":"https:\/\/uglasevanje-klavirjev.si\/#website","url":"https:\/\/uglasevanje-klavirjev.si\/","name":"Ugla\u0161evanje klavirjev","description":"Andrej Vivod","publisher":{"@id":"https:\/\/uglasevanje-klavirjev.si\/#\/schema\/person\/6c881fc09456967feb275bbcd3f79ad1"},"potentialAction":[{"@type":"SearchAction","target":{"@type":"EntryPoint","urlTemplate":"https:\/\/uglasevanje-klavirjev.si\/?s={search_term_string}"},"query-input":{"@type":"PropertyValueSpecification","valueRequired":true,"valueName":"search_term_string"}}],"inLanguage":"de"},{"@type":["Person","Organization"],"@id":"https:\/\/uglasevanje-klavirjev.si\/#\/schema\/person\/6c881fc09456967feb275bbcd3f79ad1","name":"Andrej Vivod","image":{"@type":"ImageObject","inLanguage":"de","@id":"https:\/\/uglasevanje-klavirjev.si\/#\/schema\/person\/image\/","url":"https:\/\/secure.gravatar.com\/avatar\/e6adf9fe54b0cb2996cb0b334298fbe850278ac589cdf166e14f957f7e6e0267?s=96&d=mm&r=g","contentUrl":"https:\/\/secure.gravatar.com\/avatar\/e6adf9fe54b0cb2996cb0b334298fbe850278ac589cdf166e14f957f7e6e0267?s=96&d=mm&r=g","caption":"Andrej Vivod"},"logo":{"@id":"https:\/\/uglasevanje-klavirjev.si\/#\/schema\/person\/image\/"},"sameAs":["https:\/\/uglasevanje-klavirjev.si"]}]}},"_links":{"self":[{"href":"https:\/\/uglasevanje-klavirjev.si\/de\/wp-json\/wp\/v2\/pages\/445","targetHints":{"allow":["GET"]}}],"collection":[{"href":"https:\/\/uglasevanje-klavirjev.si\/de\/wp-json\/wp\/v2\/pages"}],"about":[{"href":"https:\/\/uglasevanje-klavirjev.si\/de\/wp-json\/wp\/v2\/types\/page"}],"author":[{"embeddable":true,"href":"https:\/\/uglasevanje-klavirjev.si\/de\/wp-json\/wp\/v2\/users\/1"}],"replies":[{"embeddable":true,"href":"https:\/\/uglasevanje-klavirjev.si\/de\/wp-json\/wp\/v2\/comments?post=445"}],"version-history":[{"count":2,"href":"https:\/\/uglasevanje-klavirjev.si\/de\/wp-json\/wp\/v2\/pages\/445\/revisions"}],"predecessor-version":[{"id":732,"href":"https:\/\/uglasevanje-klavirjev.si\/de\/wp-json\/wp\/v2\/pages\/445\/revisions\/732"}],"up":[{"embeddable":true,"href":"https:\/\/uglasevanje-klavirjev.si\/de\/wp-json\/wp\/v2\/pages\/37"}],"wp:attachment":[{"href":"https:\/\/uglasevanje-klavirjev.si\/de\/wp-json\/wp\/v2\/media?parent=445"}],"curies":[{"name":"wp","href":"https:\/\/api.w.org\/{rel}","templated":true}]}}