{"id":45,"date":"2021-03-07T15:25:34","date_gmt":"2021-03-07T15:25:34","guid":{"rendered":"https:\/\/uglasevanje-klavirjev.si\/?page_id=45"},"modified":"2024-07-15T06:51:49","modified_gmt":"2024-07-15T05:51:49","slug":"uglasevanje","status":"publish","type":"page","link":"https:\/\/uglasevanje-klavirjev.si\/de\/uglasevanje\/","title":{"rendered":"Stimmen"},"content":{"rendered":"<div class=\"wpb-content-wrapper\"><div class=\"vc_row wpb_row vc_row-fluid amz-container-fluid-no-spaces\"><div class=\"wpb_column vc_column_container vc_col-sm-12\"><div class=\"vc_column-inner\"><div class=\"wpb_wrapper\">\n\t<div class=\"wpb_text_column wpb_content_element\" >\n\t\t<div class=\"wpb_wrapper\">\n\t\t\t<h1 style=\"text-align: center;\"><span style=\"font-size: 36pt; color: #ffffff;\">\u00dcber das Stimmen<\/span><\/h1>\n\n\t\t<\/div>\n\t<\/div>\n<\/div><\/div><\/div><\/div><!-- Row Backgrounds --><div class=\"upb_bg_img\" data-ultimate-bg=\"url(https:\/\/uglasevanje-klavirjev.si\/wp-content\/uploads\/2021\/03\/o_uglasevanju_II_top.jpg)\" data-image-id=\"id^250|url^https:\/\/uglasevanje-klavirjev.si\/wp-content\/uploads\/2021\/03\/o_uglasevanju_II_top.jpg|caption^null|alt^null|title^o_uglasevanju_II_top|description^null\" data-ultimate-bg-style=\"vcpb-vz-jquery\" data-bg-img-repeat=\"no-repeat\" data-bg-img-size=\"cover\" data-bg-img-position=\"\" data-parallx_sense=\"30\" data-bg-override=\"0\" data-bg_img_attach=\"scroll\" data-upb-overlay-color=\"\" data-upb-bg-animation=\"\" data-fadeout=\"\" data-bg-animation=\"left-animation\" data-bg-animation-type=\"h\" data-animation-repeat=\"repeat\" data-fadeout-percentage=\"30\" data-parallax-content=\"\" data-parallax-content-sense=\"30\" data-row-effect-mobile-disable=\"true\" data-img-parallax-mobile-disable=\"false\" data-rtl=\"false\"  data-custom-vc-row=\"\"  data-vc=\"8.6.1\"  data-is_old_vc=\"\"  data-theme-support=\"\"   data-overlay=\"false\" data-overlay-color=\"\" data-overlay-pattern=\"\" data-overlay-pattern-opacity=\"\" data-overlay-pattern-size=\"\"    ><\/div><div class=\"vc_row wpb_row vc_row-fluid no-padding-vc-row vc_custom_1621364379817 container\"><div class=\"wpb_column vc_column_container vc_col-sm-12\"><div class=\"vc_column-inner\"><div class=\"wpb_wrapper\">\n\t<div class=\"wpb_text_column wpb_content_element\" >\n\t\t<div class=\"wpb_wrapper\">\n\t\t\t<p><span style=\"font-size: 12pt;\">Das Geheimnis eines gut gestimmten Klaviers liegt in zwei Dingen: der Bestimmung der genauen Frequenz, mit der eine bestimmte Saite schwingt, und der Bestimmung der Position der Schraube, die die Saite in Spannung h\u00e4lt.<\/span><\/p>\n<p><span style=\"font-size: 12pt;\">Der Schl\u00fcssel liegt darin, beide Faktoren beim Stimmen gleichzeitig einzustellen.<\/span><br \/>\n<span style=\"font-size: 12pt;\">Andernfalls wird das Klavier sofort oder sehr bald nach dem Stimmen verstimmt klingen.<\/span><\/p>\n<p><span style=\"font-size: 12pt;\">Im Allgemeinen verstimmt sich das Instrument am meisten, wenn sich die Luftfeuchtigkeit des Raums, in dem das Instrument steht, \u00e4ndert. Das passiert vor allem am Anfang und am Ende der Heizperiode, d. h. im Sp\u00e4therbst und im sp\u00e4ten Fr\u00fchjahr.<\/span><\/p>\n\n\t\t<\/div>\n\t<\/div>\n<div class=\"vc_row wpb_row vc_inner vc_row-fluid\"><div class=\"wpb_column vc_column_container vc_col-sm-12\"><div class=\"vc_column-inner\"><div class=\"wpb_wrapper\"><div class=\"vc_btn3-container vc_btn3-inline vc_do_btn\" ><a class=\"vc_general vc_btn3 vc_btn3-size-md vc_btn3-shape-square vc_btn3-style-flat vc_btn3-color-default\" href=\"https:\/\/uglasevanje-klavirjev.si\/de\/uglasevanje\/groba-uglasitev\/\" title=\"Vorstimmen\">Vorstimmen<\/a><\/div><div class=\"vc_btn3-container vc_btn3-inline vc_do_btn\" ><a class=\"vc_general vc_btn3 vc_btn3-size-md vc_btn3-shape-square vc_btn3-style-flat vc_btn3-color-default\" href=\"https:\/\/uglasevanje-klavirjev.si\/de\/uglasevanje\/uglasitev\/\" title=\"Vorstimmen\">Stimmen<\/a><\/div><div class=\"vc_btn3-container vc_btn3-inline vc_do_btn\" ><a class=\"vc_general vc_btn3 vc_btn3-size-md vc_btn3-shape-square vc_btn3-style-flat vc_btn3-color-default\" href=\"https:\/\/uglasevanje-klavirjev.si\/de\/uglasevanje\/koncertna-uglasitev\/\" title=\"Vorstimmen\">Konzertbetreuung<\/a><\/div><\/div><\/div><\/div><\/div><\/div><\/div><\/div><\/div>\n<\/div>","protected":false},"excerpt":{"rendered":"O ugla\u0161evanju Skrivnost dobro ugla\u0161enega klavirja se skriva predvsem v dveh stvareh: natan\u010dni dolo\u010ditvi frekvence, s katero niha dolo\u010dena struna in pa dolo\u010ditvi pozicije vijaka, ki dr\u017ei struno v napetosti. Bistvo pri tem pa je, da se pri uglasitvi oba...","protected":false},"author":1,"featured_media":0,"parent":0,"menu_order":0,"comment_status":"closed","ping_status":"closed","template":"","meta":{"footnotes":""},"class_list":["post-45","page","type-page","status-publish","hentry"],"yoast_head":"<!-- This site is optimized with the Yoast SEO plugin v26.8 - https:\/\/yoast.com\/product\/yoast-seo-wordpress\/ -->\n<title>Ugla\u0161evanje klavirjev<\/title>\n<meta name=\"robots\" content=\"index, follow, max-snippet:-1, max-image-preview:large, max-video-preview:-1\" \/>\n<link rel=\"canonical\" href=\"https:\/\/uglasevanje-klavirjev.si\/de\/uglasevanje\/\" \/>\n<meta property=\"og:locale\" content=\"de_DE\" \/>\n<meta property=\"og:type\" content=\"article\" \/>\n<meta property=\"og:title\" content=\"Ugla\u0161evanje klavirjev\" \/>\n<meta property=\"og:url\" content=\"https:\/\/uglasevanje-klavirjev.si\/de\/uglasevanje\/\" \/>\n<meta property=\"og:site_name\" content=\"Ugla\u0161evanje klavirjev\" \/>\n<meta property=\"article:modified_time\" content=\"2024-07-15T05:51:49+00:00\" \/>\n<meta name=\"twitter:card\" content=\"summary_large_image\" \/>\n<meta name=\"twitter:label1\" content=\"Gesch\u00e4tzte Lesezeit\" \/>\n\t<meta name=\"twitter:data1\" content=\"1\u00a0Minute\" \/>\n<script type=\"application\/ld+json\" class=\"yoast-schema-graph\">{\"@context\":\"https:\/\/schema.org\",\"@graph\":[{\"@type\":\"WebPage\",\"@id\":\"https:\/\/uglasevanje-klavirjev.si\/uglasevanje\/\",\"url\":\"https:\/\/uglasevanje-klavirjev.si\/uglasevanje\/\",\"name\":\"Ugla\u0161evanje klavirjev\",\"isPartOf\":{\"@id\":\"https:\/\/uglasevanje-klavirjev.si\/#website\"},\"datePublished\":\"2021-03-07T15:25:34+00:00\",\"dateModified\":\"2024-07-15T05:51:49+00:00\",\"breadcrumb\":{\"@id\":\"https:\/\/uglasevanje-klavirjev.si\/uglasevanje\/#breadcrumb\"},\"inLanguage\":\"de\",\"potentialAction\":[{\"@type\":\"ReadAction\",\"target\":[\"https:\/\/uglasevanje-klavirjev.si\/uglasevanje\/\"]}]},{\"@type\":\"BreadcrumbList\",\"@id\":\"https:\/\/uglasevanje-klavirjev.si\/uglasevanje\/#breadcrumb\",\"itemListElement\":[{\"@type\":\"ListItem\",\"position\":1,\"name\":\"Home\",\"item\":\"https:\/\/uglasevanje-klavirjev.si\/\"},{\"@type\":\"ListItem\",\"position\":2,\"name\":\"Ugla\u0161evanje\"}]},{\"@type\":\"WebSite\",\"@id\":\"https:\/\/uglasevanje-klavirjev.si\/#website\",\"url\":\"https:\/\/uglasevanje-klavirjev.si\/\",\"name\":\"Ugla\u0161evanje klavirjev\",\"description\":\"Andrej Vivod\",\"publisher\":{\"@id\":\"https:\/\/uglasevanje-klavirjev.si\/#\/schema\/person\/6c881fc09456967feb275bbcd3f79ad1\"},\"potentialAction\":[{\"@type\":\"SearchAction\",\"target\":{\"@type\":\"EntryPoint\",\"urlTemplate\":\"https:\/\/uglasevanje-klavirjev.si\/?s={search_term_string}\"},\"query-input\":{\"@type\":\"PropertyValueSpecification\",\"valueRequired\":true,\"valueName\":\"search_term_string\"}}],\"inLanguage\":\"de\"},{\"@type\":[\"Person\",\"Organization\"],\"@id\":\"https:\/\/uglasevanje-klavirjev.si\/#\/schema\/person\/6c881fc09456967feb275bbcd3f79ad1\",\"name\":\"Andrej Vivod\",\"image\":{\"@type\":\"ImageObject\",\"inLanguage\":\"de\",\"@id\":\"https:\/\/uglasevanje-klavirjev.si\/#\/schema\/person\/image\/\",\"url\":\"https:\/\/secure.gravatar.com\/avatar\/e6adf9fe54b0cb2996cb0b334298fbe850278ac589cdf166e14f957f7e6e0267?s=96&d=mm&r=g\",\"contentUrl\":\"https:\/\/secure.gravatar.com\/avatar\/e6adf9fe54b0cb2996cb0b334298fbe850278ac589cdf166e14f957f7e6e0267?s=96&d=mm&r=g\",\"caption\":\"Andrej Vivod\"},\"logo\":{\"@id\":\"https:\/\/uglasevanje-klavirjev.si\/#\/schema\/person\/image\/\"},\"sameAs\":[\"https:\/\/uglasevanje-klavirjev.si\"]}]}<\/script>\n<!-- \/ Yoast SEO plugin. -->","yoast_head_json":{"title":"Ugla\u0161evanje klavirjev","robots":{"index":"index","follow":"follow","max-snippet":"max-snippet:-1","max-image-preview":"max-image-preview:large","max-video-preview":"max-video-preview:-1"},"canonical":"https:\/\/uglasevanje-klavirjev.si\/de\/uglasevanje\/","og_locale":"de_DE","og_type":"article","og_title":"Ugla\u0161evanje klavirjev","og_url":"https:\/\/uglasevanje-klavirjev.si\/de\/uglasevanje\/","og_site_name":"Ugla\u0161evanje klavirjev","article_modified_time":"2024-07-15T05:51:49+00:00","twitter_card":"summary_large_image","twitter_misc":{"Gesch\u00e4tzte Lesezeit":"1\u00a0Minute"},"schema":{"@context":"https:\/\/schema.org","@graph":[{"@type":"WebPage","@id":"https:\/\/uglasevanje-klavirjev.si\/uglasevanje\/","url":"https:\/\/uglasevanje-klavirjev.si\/uglasevanje\/","name":"Ugla\u0161evanje klavirjev","isPartOf":{"@id":"https:\/\/uglasevanje-klavirjev.si\/#website"},"datePublished":"2021-03-07T15:25:34+00:00","dateModified":"2024-07-15T05:51:49+00:00","breadcrumb":{"@id":"https:\/\/uglasevanje-klavirjev.si\/uglasevanje\/#breadcrumb"},"inLanguage":"de","potentialAction":[{"@type":"ReadAction","target":["https:\/\/uglasevanje-klavirjev.si\/uglasevanje\/"]}]},{"@type":"BreadcrumbList","@id":"https:\/\/uglasevanje-klavirjev.si\/uglasevanje\/#breadcrumb","itemListElement":[{"@type":"ListItem","position":1,"name":"Home","item":"https:\/\/uglasevanje-klavirjev.si\/"},{"@type":"ListItem","position":2,"name":"Ugla\u0161evanje"}]},{"@type":"WebSite","@id":"https:\/\/uglasevanje-klavirjev.si\/#website","url":"https:\/\/uglasevanje-klavirjev.si\/","name":"Ugla\u0161evanje klavirjev","description":"Andrej Vivod","publisher":{"@id":"https:\/\/uglasevanje-klavirjev.si\/#\/schema\/person\/6c881fc09456967feb275bbcd3f79ad1"},"potentialAction":[{"@type":"SearchAction","target":{"@type":"EntryPoint","urlTemplate":"https:\/\/uglasevanje-klavirjev.si\/?s={search_term_string}"},"query-input":{"@type":"PropertyValueSpecification","valueRequired":true,"valueName":"search_term_string"}}],"inLanguage":"de"},{"@type":["Person","Organization"],"@id":"https:\/\/uglasevanje-klavirjev.si\/#\/schema\/person\/6c881fc09456967feb275bbcd3f79ad1","name":"Andrej Vivod","image":{"@type":"ImageObject","inLanguage":"de","@id":"https:\/\/uglasevanje-klavirjev.si\/#\/schema\/person\/image\/","url":"https:\/\/secure.gravatar.com\/avatar\/e6adf9fe54b0cb2996cb0b334298fbe850278ac589cdf166e14f957f7e6e0267?s=96&d=mm&r=g","contentUrl":"https:\/\/secure.gravatar.com\/avatar\/e6adf9fe54b0cb2996cb0b334298fbe850278ac589cdf166e14f957f7e6e0267?s=96&d=mm&r=g","caption":"Andrej Vivod"},"logo":{"@id":"https:\/\/uglasevanje-klavirjev.si\/#\/schema\/person\/image\/"},"sameAs":["https:\/\/uglasevanje-klavirjev.si"]}]}},"_links":{"self":[{"href":"https:\/\/uglasevanje-klavirjev.si\/de\/wp-json\/wp\/v2\/pages\/45","targetHints":{"allow":["GET"]}}],"collection":[{"href":"https:\/\/uglasevanje-klavirjev.si\/de\/wp-json\/wp\/v2\/pages"}],"about":[{"href":"https:\/\/uglasevanje-klavirjev.si\/de\/wp-json\/wp\/v2\/types\/page"}],"author":[{"embeddable":true,"href":"https:\/\/uglasevanje-klavirjev.si\/de\/wp-json\/wp\/v2\/users\/1"}],"replies":[{"embeddable":true,"href":"https:\/\/uglasevanje-klavirjev.si\/de\/wp-json\/wp\/v2\/comments?post=45"}],"version-history":[{"count":3,"href":"https:\/\/uglasevanje-klavirjev.si\/de\/wp-json\/wp\/v2\/pages\/45\/revisions"}],"predecessor-version":[{"id":748,"href":"https:\/\/uglasevanje-klavirjev.si\/de\/wp-json\/wp\/v2\/pages\/45\/revisions\/748"}],"wp:attachment":[{"href":"https:\/\/uglasevanje-klavirjev.si\/de\/wp-json\/wp\/v2\/media?parent=45"}],"curies":[{"name":"wp","href":"https:\/\/api.w.org\/{rel}","templated":true}]}}