{"id":464,"date":"2023-06-29T15:33:38","date_gmt":"2023-06-29T14:33:38","guid":{"rendered":"https:\/\/uglasevanje-klavirjev.si\/?page_id=464"},"modified":"2026-01-27T10:00:11","modified_gmt":"2026-01-27T09:00:11","slug":"o-intoniranju","status":"publish","type":"page","link":"https:\/\/uglasevanje-klavirjev.si\/de\/intoniranje\/o-intoniranju\/","title":{"rendered":"Intonieren"},"content":{"rendered":"<div class=\"wpb-content-wrapper\"><div class=\"vc_row wpb_row vc_row-fluid amz-container-fluid-no-spaces\"><div class=\"wpb_column vc_column_container vc_col-sm-12\"><div class=\"vc_column-inner\"><div class=\"wpb_wrapper\">\n\t<div class=\"wpb_text_column wpb_content_element\" >\n\t\t<div class=\"wpb_wrapper\">\n\t\t\t<h1 style=\"text-align: center;\"><span style=\"font-size: 36pt; color: #ffffff;\">Intonieren<\/span><\/h1>\n\n\t\t<\/div>\n\t<\/div>\n<\/div><\/div><\/div><\/div><!-- Row Backgrounds --><div class=\"upb_bg_img\" data-ultimate-bg=\"url(https:\/\/uglasevanje-klavirjev.si\/wp-content\/uploads\/2021\/03\/intoniranje_II_top.jpg)\" data-image-id=\"id^287|url^https:\/\/uglasevanje-klavirjev.si\/wp-content\/uploads\/2021\/03\/intoniranje_II_top.jpg|caption^null|alt^null|title^intoniranje_II_top|description^null\" data-ultimate-bg-style=\"vcpb-vz-jquery\" data-bg-img-repeat=\"repeat\" data-bg-img-size=\"cover\" data-bg-img-position=\"\" data-parallx_sense=\"30\" data-bg-override=\"0\" data-bg_img_attach=\"scroll\" data-upb-overlay-color=\"\" data-upb-bg-animation=\"\" data-fadeout=\"\" data-bg-animation=\"left-animation\" data-bg-animation-type=\"h\" data-animation-repeat=\"repeat\" data-fadeout-percentage=\"30\" data-parallax-content=\"\" data-parallax-content-sense=\"30\" data-row-effect-mobile-disable=\"true\" data-img-parallax-mobile-disable=\"true\" data-rtl=\"false\"  data-custom-vc-row=\"\"  data-vc=\"8.6.1\"  data-is_old_vc=\"\"  data-theme-support=\"\"   data-overlay=\"false\" data-overlay-color=\"\" data-overlay-pattern=\"\" data-overlay-pattern-opacity=\"\" data-overlay-pattern-size=\"\"    ><\/div><div class=\"vc_row wpb_row vc_row-fluid no-padding-vc-row container\"><div class=\"wpb_column vc_column_container vc_col-sm-12\"><div class=\"vc_column-inner\"><div class=\"wpb_wrapper\">\n\t<div class=\"wpb_text_column wpb_content_element\" >\n\t\t<div class=\"wpb_wrapper\">\n\t\t\t<p style=\"font-weight: 400;\"><span style=\"font-size: 12pt;\">Bei der Intonation wird dem Instrument der gew\u00fcnschte Klang oder die gew\u00fcnschte Farbe verliehen. T\u00f6ne, die h\u00e4ufiger angespielt werden, klingen in der Regel um einiges sch\u00e4rfer als T\u00f6ne, die weniger oft verwendet werden.<\/span><\/p>\n\n\t\t<\/div>\n\t<\/div>\n<div class=\"vc_row wpb_row vc_inner vc_row-fluid\"><div class=\"wpb_column vc_column_container vc_col-sm-4\"><div class=\"vc_column-inner\"><div class=\"wpb_wrapper\">\n\t<div  class=\"wpb_single_image wpb_content_element vc_align_center wpb_content_element\">\n\t\t\n\t\t<figure class=\"wpb_wrapper vc_figure\">\n\t\t\t<a class=\"\" data-lightbox=\"lightbox[rel-464-1427724004]\" href=\"https:\/\/uglasevanje-klavirjev.si\/wp-content\/uploads\/2026\/01\/Foto-Matej-Tomazin-220-703x1024.jpg\" target=\"_self\"><img loading=\"lazy\" decoding=\"async\" width=\"703\" height=\"1024\" src=\"https:\/\/uglasevanje-klavirjev.si\/wp-content\/uploads\/2026\/01\/Foto-Matej-Tomazin-220-703x1024.jpg\" class=\"vc_single_image-img attachment-large\" alt=\"\" title=\"Foto- Matej Toma\u017ein-220\" srcset=\"https:\/\/uglasevanje-klavirjev.si\/wp-content\/uploads\/2026\/01\/Foto-Matej-Tomazin-220-703x1024.jpg 703w, https:\/\/uglasevanje-klavirjev.si\/wp-content\/uploads\/2026\/01\/Foto-Matej-Tomazin-220-206x300.jpg 206w, https:\/\/uglasevanje-klavirjev.si\/wp-content\/uploads\/2026\/01\/Foto-Matej-Tomazin-220-768x1119.jpg 768w, https:\/\/uglasevanje-klavirjev.si\/wp-content\/uploads\/2026\/01\/Foto-Matej-Tomazin-220-1054x1536.jpg 1054w, https:\/\/uglasevanje-klavirjev.si\/wp-content\/uploads\/2026\/01\/Foto-Matej-Tomazin-220-1405x2048.jpg 1405w, https:\/\/uglasevanje-klavirjev.si\/wp-content\/uploads\/2026\/01\/Foto-Matej-Tomazin-220-8x12.jpg 8w, https:\/\/uglasevanje-klavirjev.si\/wp-content\/uploads\/2026\/01\/Foto-Matej-Tomazin-220-scaled.jpg 1757w\" sizes=\"auto, (max-width: 703px) 100vw, 703px\" \/><\/a>\n\t\t<\/figure>\n\t<\/div>\n<\/div><\/div><\/div><div class=\"wpb_column vc_column_container vc_col-sm-4\"><div class=\"vc_column-inner\"><div class=\"wpb_wrapper\">\n\t<div  class=\"wpb_single_image wpb_content_element vc_align_center wpb_content_element\">\n\t\t\n\t\t<figure class=\"wpb_wrapper vc_figure\">\n\t\t\t<a class=\"\" data-lightbox=\"lightbox[rel-464-730995344]\" href=\"https:\/\/uglasevanje-klavirjev.si\/wp-content\/uploads\/2026\/01\/Foto-Matej-Tomazin-223-703x1024.jpg\" target=\"_self\"><img loading=\"lazy\" decoding=\"async\" width=\"703\" height=\"1024\" src=\"https:\/\/uglasevanje-klavirjev.si\/wp-content\/uploads\/2026\/01\/Foto-Matej-Tomazin-223-703x1024.jpg\" class=\"vc_single_image-img attachment-large\" alt=\"\" title=\"Foto- Matej Toma\u017ein-223\" srcset=\"https:\/\/uglasevanje-klavirjev.si\/wp-content\/uploads\/2026\/01\/Foto-Matej-Tomazin-223-703x1024.jpg 703w, https:\/\/uglasevanje-klavirjev.si\/wp-content\/uploads\/2026\/01\/Foto-Matej-Tomazin-223-206x300.jpg 206w, https:\/\/uglasevanje-klavirjev.si\/wp-content\/uploads\/2026\/01\/Foto-Matej-Tomazin-223-768x1119.jpg 768w, https:\/\/uglasevanje-klavirjev.si\/wp-content\/uploads\/2026\/01\/Foto-Matej-Tomazin-223-1054x1536.jpg 1054w, https:\/\/uglasevanje-klavirjev.si\/wp-content\/uploads\/2026\/01\/Foto-Matej-Tomazin-223-1405x2048.jpg 1405w, https:\/\/uglasevanje-klavirjev.si\/wp-content\/uploads\/2026\/01\/Foto-Matej-Tomazin-223-8x12.jpg 8w, https:\/\/uglasevanje-klavirjev.si\/wp-content\/uploads\/2026\/01\/Foto-Matej-Tomazin-223-scaled.jpg 1757w\" sizes=\"auto, (max-width: 703px) 100vw, 703px\" \/><\/a>\n\t\t<\/figure>\n\t<\/div>\n<\/div><\/div><\/div><div class=\"wpb_column vc_column_container vc_col-sm-4\"><div class=\"vc_column-inner\"><div class=\"wpb_wrapper\">\n\t<div  class=\"wpb_single_image wpb_content_element vc_align_center wpb_content_element\">\n\t\t\n\t\t<figure class=\"wpb_wrapper vc_figure\">\n\t\t\t<a class=\"\" data-lightbox=\"lightbox[rel-464-239765957]\" href=\"https:\/\/uglasevanje-klavirjev.si\/wp-content\/uploads\/2026\/01\/Foto-Matej-Tomazin-202-703x1024.jpg\" target=\"_self\"><img loading=\"lazy\" decoding=\"async\" width=\"703\" height=\"1024\" src=\"https:\/\/uglasevanje-klavirjev.si\/wp-content\/uploads\/2026\/01\/Foto-Matej-Tomazin-202-703x1024.jpg\" class=\"vc_single_image-img attachment-large\" alt=\"\" title=\"Foto- Matej Toma\u017ein-202\" srcset=\"https:\/\/uglasevanje-klavirjev.si\/wp-content\/uploads\/2026\/01\/Foto-Matej-Tomazin-202-703x1024.jpg 703w, https:\/\/uglasevanje-klavirjev.si\/wp-content\/uploads\/2026\/01\/Foto-Matej-Tomazin-202-206x300.jpg 206w, https:\/\/uglasevanje-klavirjev.si\/wp-content\/uploads\/2026\/01\/Foto-Matej-Tomazin-202-768x1119.jpg 768w, https:\/\/uglasevanje-klavirjev.si\/wp-content\/uploads\/2026\/01\/Foto-Matej-Tomazin-202-1054x1536.jpg 1054w, https:\/\/uglasevanje-klavirjev.si\/wp-content\/uploads\/2026\/01\/Foto-Matej-Tomazin-202-1405x2048.jpg 1405w, https:\/\/uglasevanje-klavirjev.si\/wp-content\/uploads\/2026\/01\/Foto-Matej-Tomazin-202-8x12.jpg 8w, https:\/\/uglasevanje-klavirjev.si\/wp-content\/uploads\/2026\/01\/Foto-Matej-Tomazin-202-scaled.jpg 1757w\" sizes=\"auto, (max-width: 703px) 100vw, 703px\" \/><\/a>\n\t\t<\/figure>\n\t<\/div>\n<\/div><\/div><\/div><\/div>\n\t<div class=\"wpb_text_column wpb_content_element\" >\n\t\t<div class=\"wpb_wrapper\">\n\t\t\t<p style=\"font-weight: 400;\"><span style=\"font-size: 12pt;\">Ich steche in die Hammerk\u00f6pfe mit einer N\u00e4hnadel, die ich in einen speziellen Halter klemme. Dadurch werden die Fasern etwas gelockert, aber gleichzeitig wird die Flexibilit\u00e4t erh\u00f6ht, so dass der harte Ton wieder weicher und voller klingt.<\/span><\/p>\n<p style=\"font-weight: 400;\"><span style=\"font-size: 12pt;\">Ziel ist es, dass alle T\u00f6ne in allen Dynamikstufen die gleiche Farbe haben.<\/span><\/p>\n\n\t\t<\/div>\n\t<\/div>\n<div class=\"vc_row wpb_row vc_inner vc_row-fluid\"><div class=\"wpb_column vc_column_container vc_col-sm-3\"><div class=\"vc_column-inner\"><div class=\"wpb_wrapper\"><\/div><\/div><\/div><div class=\"wpb_column vc_column_container vc_col-sm-6\"><div class=\"vc_column-inner\"><div class=\"wpb_wrapper\">\n\t<div  class=\"wpb_single_image wpb_content_element vc_align_center wpb_content_element\">\n\t\t\n\t\t<figure class=\"wpb_wrapper vc_figure\">\n\t\t\t<a class=\"\" data-lightbox=\"lightbox[rel-464-87304925]\" href=\"https:\/\/uglasevanje-klavirjev.si\/wp-content\/uploads\/2026\/01\/Foto-Matej-Tomazin-219-1024x703.jpg\" target=\"_self\"><img loading=\"lazy\" decoding=\"async\" width=\"840\" height=\"577\" src=\"https:\/\/uglasevanje-klavirjev.si\/wp-content\/uploads\/2026\/01\/Foto-Matej-Tomazin-219-1024x703.jpg\" class=\"vc_single_image-img attachment-large\" alt=\"\" title=\"Foto- Matej Toma\u017ein-219\" srcset=\"https:\/\/uglasevanje-klavirjev.si\/wp-content\/uploads\/2026\/01\/Foto-Matej-Tomazin-219-1024x703.jpg 1024w, https:\/\/uglasevanje-klavirjev.si\/wp-content\/uploads\/2026\/01\/Foto-Matej-Tomazin-219-300x206.jpg 300w, https:\/\/uglasevanje-klavirjev.si\/wp-content\/uploads\/2026\/01\/Foto-Matej-Tomazin-219-768x527.jpg 768w, https:\/\/uglasevanje-klavirjev.si\/wp-content\/uploads\/2026\/01\/Foto-Matej-Tomazin-219-1536x1054.jpg 1536w, https:\/\/uglasevanje-klavirjev.si\/wp-content\/uploads\/2026\/01\/Foto-Matej-Tomazin-219-2048x1405.jpg 2048w, https:\/\/uglasevanje-klavirjev.si\/wp-content\/uploads\/2026\/01\/Foto-Matej-Tomazin-219-18x12.jpg 18w\" sizes=\"auto, (max-width: 840px) 100vw, 840px\" \/><\/a>\n\t\t<\/figure>\n\t<\/div>\n<\/div><\/div><\/div><div class=\"wpb_column vc_column_container vc_col-sm-3\"><div class=\"vc_column-inner\"><div class=\"wpb_wrapper\"><\/div><\/div><\/div><\/div><div class=\"vc_btn3-container vc_btn3-center vc_do_btn\" ><a class=\"vc_general vc_btn3 vc_btn3-size-md vc_btn3-shape-square vc_btn3-style-flat vc_btn3-color-default\" href=\"https:\/\/uglasevanje-klavirjev.si\/de\/narocilo-storitve\/\" title=\"Vorstimmen\">Termin buchen<\/a><\/div><\/div><\/div><\/div><\/div>\n<\/div>","protected":false},"excerpt":{"rendered":"Intoniranje Pri intoniranju se instrumentu poda \u017eeljeni zven oz. barvo. Tisti toni, ki so bili bolj \u00bbna udaru\u00ab, obi\u010dajno zvenijo veliko bolj ostro kot pa toni, ki se uporabljajo redkeje. S \u0161ivanko, ki jo vpnem v posebno dr\u017ealo, zbadam v...","protected":false},"author":1,"featured_media":0,"parent":35,"menu_order":0,"comment_status":"closed","ping_status":"closed","template":"","meta":{"footnotes":""},"class_list":["post-464","page","type-page","status-publish","hentry"],"yoast_head":"<!-- This site is optimized with the Yoast SEO plugin v26.8 - https:\/\/yoast.com\/product\/yoast-seo-wordpress\/ -->\n<title>Ugla\u0161evanje klavirjev<\/title>\n<meta name=\"robots\" content=\"index, follow, max-snippet:-1, max-image-preview:large, max-video-preview:-1\" \/>\n<link rel=\"canonical\" href=\"https:\/\/uglasevanje-klavirjev.si\/de\/intoniranje\/o-intoniranju\/\" \/>\n<meta property=\"og:locale\" content=\"de_DE\" \/>\n<meta property=\"og:type\" content=\"article\" \/>\n<meta property=\"og:title\" content=\"Ugla\u0161evanje klavirjev\" \/>\n<meta property=\"og:url\" content=\"https:\/\/uglasevanje-klavirjev.si\/de\/intoniranje\/o-intoniranju\/\" \/>\n<meta property=\"og:site_name\" content=\"Ugla\u0161evanje klavirjev\" \/>\n<meta property=\"article:modified_time\" content=\"2026-01-27T09:00:11+00:00\" \/>\n<meta name=\"twitter:card\" content=\"summary_large_image\" \/>\n<meta name=\"twitter:label1\" content=\"Gesch\u00e4tzte Lesezeit\" \/>\n\t<meta name=\"twitter:data1\" content=\"2\u00a0Minuten\" \/>\n<script type=\"application\/ld+json\" class=\"yoast-schema-graph\">{\"@context\":\"https:\/\/schema.org\",\"@graph\":[{\"@type\":\"WebPage\",\"@id\":\"https:\/\/uglasevanje-klavirjev.si\/intoniranje\/o-intoniranju\/\",\"url\":\"https:\/\/uglasevanje-klavirjev.si\/intoniranje\/o-intoniranju\/\",\"name\":\"Ugla\u0161evanje klavirjev\",\"isPartOf\":{\"@id\":\"https:\/\/uglasevanje-klavirjev.si\/#website\"},\"datePublished\":\"2023-06-29T14:33:38+00:00\",\"dateModified\":\"2026-01-27T09:00:11+00:00\",\"breadcrumb\":{\"@id\":\"https:\/\/uglasevanje-klavirjev.si\/intoniranje\/o-intoniranju\/#breadcrumb\"},\"inLanguage\":\"de\",\"potentialAction\":[{\"@type\":\"ReadAction\",\"target\":[\"https:\/\/uglasevanje-klavirjev.si\/intoniranje\/o-intoniranju\/\"]}]},{\"@type\":\"BreadcrumbList\",\"@id\":\"https:\/\/uglasevanje-klavirjev.si\/intoniranje\/o-intoniranju\/#breadcrumb\",\"itemListElement\":[{\"@type\":\"ListItem\",\"position\":1,\"name\":\"Home\",\"item\":\"https:\/\/uglasevanje-klavirjev.si\/\"},{\"@type\":\"ListItem\",\"position\":2,\"name\":\"Intoniranje\",\"item\":\"https:\/\/uglasevanje-klavirjev.si\/intoniranje\/\"},{\"@type\":\"ListItem\",\"position\":3,\"name\":\"Intoniranje\"}]},{\"@type\":\"WebSite\",\"@id\":\"https:\/\/uglasevanje-klavirjev.si\/#website\",\"url\":\"https:\/\/uglasevanje-klavirjev.si\/\",\"name\":\"Ugla\u0161evanje klavirjev\",\"description\":\"Andrej Vivod\",\"publisher\":{\"@id\":\"https:\/\/uglasevanje-klavirjev.si\/#\/schema\/person\/6c881fc09456967feb275bbcd3f79ad1\"},\"potentialAction\":[{\"@type\":\"SearchAction\",\"target\":{\"@type\":\"EntryPoint\",\"urlTemplate\":\"https:\/\/uglasevanje-klavirjev.si\/?s={search_term_string}\"},\"query-input\":{\"@type\":\"PropertyValueSpecification\",\"valueRequired\":true,\"valueName\":\"search_term_string\"}}],\"inLanguage\":\"de\"},{\"@type\":[\"Person\",\"Organization\"],\"@id\":\"https:\/\/uglasevanje-klavirjev.si\/#\/schema\/person\/6c881fc09456967feb275bbcd3f79ad1\",\"name\":\"Andrej Vivod\",\"image\":{\"@type\":\"ImageObject\",\"inLanguage\":\"de\",\"@id\":\"https:\/\/uglasevanje-klavirjev.si\/#\/schema\/person\/image\/\",\"url\":\"https:\/\/secure.gravatar.com\/avatar\/e6adf9fe54b0cb2996cb0b334298fbe850278ac589cdf166e14f957f7e6e0267?s=96&d=mm&r=g\",\"contentUrl\":\"https:\/\/secure.gravatar.com\/avatar\/e6adf9fe54b0cb2996cb0b334298fbe850278ac589cdf166e14f957f7e6e0267?s=96&d=mm&r=g\",\"caption\":\"Andrej Vivod\"},\"logo\":{\"@id\":\"https:\/\/uglasevanje-klavirjev.si\/#\/schema\/person\/image\/\"},\"sameAs\":[\"https:\/\/uglasevanje-klavirjev.si\"]}]}<\/script>\n<!-- \/ Yoast SEO plugin. -->","yoast_head_json":{"title":"Ugla\u0161evanje klavirjev","robots":{"index":"index","follow":"follow","max-snippet":"max-snippet:-1","max-image-preview":"max-image-preview:large","max-video-preview":"max-video-preview:-1"},"canonical":"https:\/\/uglasevanje-klavirjev.si\/de\/intoniranje\/o-intoniranju\/","og_locale":"de_DE","og_type":"article","og_title":"Ugla\u0161evanje klavirjev","og_url":"https:\/\/uglasevanje-klavirjev.si\/de\/intoniranje\/o-intoniranju\/","og_site_name":"Ugla\u0161evanje klavirjev","article_modified_time":"2026-01-27T09:00:11+00:00","twitter_card":"summary_large_image","twitter_misc":{"Gesch\u00e4tzte Lesezeit":"2\u00a0Minuten"},"schema":{"@context":"https:\/\/schema.org","@graph":[{"@type":"WebPage","@id":"https:\/\/uglasevanje-klavirjev.si\/intoniranje\/o-intoniranju\/","url":"https:\/\/uglasevanje-klavirjev.si\/intoniranje\/o-intoniranju\/","name":"Ugla\u0161evanje klavirjev","isPartOf":{"@id":"https:\/\/uglasevanje-klavirjev.si\/#website"},"datePublished":"2023-06-29T14:33:38+00:00","dateModified":"2026-01-27T09:00:11+00:00","breadcrumb":{"@id":"https:\/\/uglasevanje-klavirjev.si\/intoniranje\/o-intoniranju\/#breadcrumb"},"inLanguage":"de","potentialAction":[{"@type":"ReadAction","target":["https:\/\/uglasevanje-klavirjev.si\/intoniranje\/o-intoniranju\/"]}]},{"@type":"BreadcrumbList","@id":"https:\/\/uglasevanje-klavirjev.si\/intoniranje\/o-intoniranju\/#breadcrumb","itemListElement":[{"@type":"ListItem","position":1,"name":"Home","item":"https:\/\/uglasevanje-klavirjev.si\/"},{"@type":"ListItem","position":2,"name":"Intoniranje","item":"https:\/\/uglasevanje-klavirjev.si\/intoniranje\/"},{"@type":"ListItem","position":3,"name":"Intoniranje"}]},{"@type":"WebSite","@id":"https:\/\/uglasevanje-klavirjev.si\/#website","url":"https:\/\/uglasevanje-klavirjev.si\/","name":"Ugla\u0161evanje klavirjev","description":"Andrej Vivod","publisher":{"@id":"https:\/\/uglasevanje-klavirjev.si\/#\/schema\/person\/6c881fc09456967feb275bbcd3f79ad1"},"potentialAction":[{"@type":"SearchAction","target":{"@type":"EntryPoint","urlTemplate":"https:\/\/uglasevanje-klavirjev.si\/?s={search_term_string}"},"query-input":{"@type":"PropertyValueSpecification","valueRequired":true,"valueName":"search_term_string"}}],"inLanguage":"de"},{"@type":["Person","Organization"],"@id":"https:\/\/uglasevanje-klavirjev.si\/#\/schema\/person\/6c881fc09456967feb275bbcd3f79ad1","name":"Andrej Vivod","image":{"@type":"ImageObject","inLanguage":"de","@id":"https:\/\/uglasevanje-klavirjev.si\/#\/schema\/person\/image\/","url":"https:\/\/secure.gravatar.com\/avatar\/e6adf9fe54b0cb2996cb0b334298fbe850278ac589cdf166e14f957f7e6e0267?s=96&d=mm&r=g","contentUrl":"https:\/\/secure.gravatar.com\/avatar\/e6adf9fe54b0cb2996cb0b334298fbe850278ac589cdf166e14f957f7e6e0267?s=96&d=mm&r=g","caption":"Andrej Vivod"},"logo":{"@id":"https:\/\/uglasevanje-klavirjev.si\/#\/schema\/person\/image\/"},"sameAs":["https:\/\/uglasevanje-klavirjev.si"]}]}},"_links":{"self":[{"href":"https:\/\/uglasevanje-klavirjev.si\/de\/wp-json\/wp\/v2\/pages\/464","targetHints":{"allow":["GET"]}}],"collection":[{"href":"https:\/\/uglasevanje-klavirjev.si\/de\/wp-json\/wp\/v2\/pages"}],"about":[{"href":"https:\/\/uglasevanje-klavirjev.si\/de\/wp-json\/wp\/v2\/types\/page"}],"author":[{"embeddable":true,"href":"https:\/\/uglasevanje-klavirjev.si\/de\/wp-json\/wp\/v2\/users\/1"}],"replies":[{"embeddable":true,"href":"https:\/\/uglasevanje-klavirjev.si\/de\/wp-json\/wp\/v2\/comments?post=464"}],"version-history":[{"count":4,"href":"https:\/\/uglasevanje-klavirjev.si\/de\/wp-json\/wp\/v2\/pages\/464\/revisions"}],"predecessor-version":[{"id":950,"href":"https:\/\/uglasevanje-klavirjev.si\/de\/wp-json\/wp\/v2\/pages\/464\/revisions\/950"}],"up":[{"embeddable":true,"href":"https:\/\/uglasevanje-klavirjev.si\/de\/wp-json\/wp\/v2\/pages\/35"}],"wp:attachment":[{"href":"https:\/\/uglasevanje-klavirjev.si\/de\/wp-json\/wp\/v2\/media?parent=464"}],"curies":[{"name":"wp","href":"https:\/\/api.w.org\/{rel}","templated":true}]}}