{"id":47,"date":"2021-03-07T15:25:54","date_gmt":"2021-03-07T15:25:54","guid":{"rendered":"https:\/\/uglasevanje-klavirjev.si\/?page_id=47"},"modified":"2024-07-15T06:43:00","modified_gmt":"2024-07-15T05:43:00","slug":"groba-uglasitev","status":"publish","type":"page","link":"https:\/\/uglasevanje-klavirjev.si\/de\/uglasevanje\/groba-uglasitev\/","title":{"rendered":"Vorstimmen"},"content":{"rendered":"<div class=\"wpb-content-wrapper\"><div class=\"vc_row wpb_row vc_row-fluid vc_row-o-content-middle vc_row-flex amz-container-fluid-no-spaces\"><div class=\"wpb_column vc_column_container vc_col-sm-12\"><div class=\"vc_column-inner\"><div class=\"wpb_wrapper\">\n\t<div class=\"wpb_text_column wpb_content_element\" >\n\t\t<div class=\"wpb_wrapper\">\n\t\t\t<h1 style=\"text-align: center;\"><span style=\"font-size: 36pt; color: #ffffff;\">Vorstimmung<\/span><\/h1>\n\n\t\t<\/div>\n\t<\/div>\n<\/div><\/div><\/div><\/div><!-- Row Backgrounds --><div class=\"upb_bg_img\" data-ultimate-bg=\"url(https:\/\/uglasevanje-klavirjev.si\/wp-content\/uploads\/2021\/03\/groba_uglasitev_III_top.jpg)\" data-image-id=\"id^293|url^https:\/\/uglasevanje-klavirjev.si\/wp-content\/uploads\/2021\/03\/groba_uglasitev_III_top.jpg|caption^null|alt^null|title^groba_uglasitev_III_top|description^null\" data-ultimate-bg-style=\"vcpb-vz-jquery\" data-bg-img-repeat=\"no-repeat\" data-bg-img-size=\"cover\" data-bg-img-position=\"\" data-parallx_sense=\"30\" data-bg-override=\"0\" data-bg_img_attach=\"scroll\" data-upb-overlay-color=\"\" data-upb-bg-animation=\"\" data-fadeout=\"\" data-bg-animation=\"left-animation\" data-bg-animation-type=\"h\" data-animation-repeat=\"repeat\" data-fadeout-percentage=\"30\" data-parallax-content=\"\" data-parallax-content-sense=\"30\" data-row-effect-mobile-disable=\"true\" data-img-parallax-mobile-disable=\"true\" data-rtl=\"false\"  data-custom-vc-row=\"\"  data-vc=\"8.6.1\"  data-is_old_vc=\"\"  data-theme-support=\"\"   data-overlay=\"false\" data-overlay-color=\"\" data-overlay-pattern=\"\" data-overlay-pattern-opacity=\"\" data-overlay-pattern-size=\"\"    ><\/div><div class=\"vc_row wpb_row vc_row-fluid no-padding-vc-row container\"><div class=\"wpb_column vc_column_container vc_col-sm-12\"><div class=\"vc_column-inner\"><div class=\"wpb_wrapper\">\n\t<div class=\"wpb_text_column wpb_content_element\" >\n\t\t<div class=\"wpb_wrapper\">\n\t\t\t<p style=\"font-weight: 400;\"><span style=\"font-size: 12pt;\">In den meisten F\u00e4llen dient sie als Vorbereitung f\u00fcr eine sp\u00e4tere \"normale\" Stimmung.<\/span><\/p>\n<p style=\"font-weight: 400;\"><span style=\"font-size: 12pt;\">Sehr oft sto\u00dfe ich auf F\u00e4lle, in denen ein Klavier 20 oder 30 Jahre lang praktisch unbenutzt war und nicht gewartet wurde, und nun m\u00f6chte jemand es wieder spielen.<\/span><\/p>\n<p style=\"font-weight: 400;\"><span style=\"font-size: 12pt;\">Meiner Erfahrung nach ist bei Instrumenten, die 30 Jahre lang nicht gestimmt wurden, die Saitenspannung so weit reduziert, dass das Instrument etwa einen halben Ton tiefer \"klingt\".<\/span><\/p>\n<p style=\"font-weight: 400;\"><span style=\"font-size: 12pt;\">In einem solchen Fall ist es sinnlos, zu versuchen, das Instrument auf genau 440 Hz zu stimmen, weil die Saiten diese Spannungs\u00e4nderung nicht aushalten. Als Stimmer versuche ich aus Erfahrung abzusch\u00e4tzen, wie stark die Saiten nachgeben werden, und ber\u00fccksichtige dies beim Stimmen.<\/span><\/p>\n\n\t\t<\/div>\n\t<\/div>\n<div class=\"vc_btn3-container vc_btn3-center vc_do_btn\" ><a class=\"vc_general vc_btn3 vc_btn3-size-md vc_btn3-shape-square vc_btn3-style-flat vc_btn3-color-default\" href=\"https:\/\/uglasevanje-klavirjev.si\/de\/narocilo-storitve\/\" title=\"Vorstimmen\">Termin buchen<\/a><\/div><\/div><\/div><\/div><\/div>\n<\/div>","protected":false},"excerpt":{"rendered":"O grobi uglasitvi V ve\u010dini primerov slu\u017ei kot priprava za kasnej\u0161o \u00bbnormalno\u00ab uglasitev. Zelo pogosto sre\u010dujem primere, ko se klavir 20 ali 30 let prakti\u010dno ni uporabljal, niti se ni vzdr\u017eeval, sedaj bi pa ponovno nekdo igral nanj. Glede na...","protected":false},"author":1,"featured_media":0,"parent":45,"menu_order":0,"comment_status":"closed","ping_status":"closed","template":"","meta":{"footnotes":""},"class_list":["post-47","page","type-page","status-publish","hentry"],"yoast_head":"<!-- This site is optimized with the Yoast SEO plugin v26.8 - https:\/\/yoast.com\/product\/yoast-seo-wordpress\/ -->\n<title>Ugla\u0161evanje klavirjev<\/title>\n<meta name=\"robots\" content=\"index, follow, max-snippet:-1, max-image-preview:large, max-video-preview:-1\" \/>\n<link rel=\"canonical\" href=\"https:\/\/uglasevanje-klavirjev.si\/de\/uglasevanje\/groba-uglasitev\/\" \/>\n<meta property=\"og:locale\" content=\"de_DE\" \/>\n<meta property=\"og:type\" content=\"article\" \/>\n<meta property=\"og:title\" content=\"Ugla\u0161evanje klavirjev\" \/>\n<meta property=\"og:url\" content=\"https:\/\/uglasevanje-klavirjev.si\/de\/uglasevanje\/groba-uglasitev\/\" \/>\n<meta property=\"og:site_name\" content=\"Ugla\u0161evanje klavirjev\" \/>\n<meta property=\"article:modified_time\" content=\"2024-07-15T05:43:00+00:00\" \/>\n<meta name=\"twitter:card\" content=\"summary_large_image\" \/>\n<meta name=\"twitter:label1\" content=\"Gesch\u00e4tzte Lesezeit\" \/>\n\t<meta name=\"twitter:data1\" content=\"1\u00a0Minute\" \/>\n<script type=\"application\/ld+json\" class=\"yoast-schema-graph\">{\"@context\":\"https:\/\/schema.org\",\"@graph\":[{\"@type\":\"WebPage\",\"@id\":\"https:\/\/uglasevanje-klavirjev.si\/uglasevanje\/groba-uglasitev\/\",\"url\":\"https:\/\/uglasevanje-klavirjev.si\/uglasevanje\/groba-uglasitev\/\",\"name\":\"Ugla\u0161evanje klavirjev\",\"isPartOf\":{\"@id\":\"https:\/\/uglasevanje-klavirjev.si\/#website\"},\"datePublished\":\"2021-03-07T15:25:54+00:00\",\"dateModified\":\"2024-07-15T05:43:00+00:00\",\"breadcrumb\":{\"@id\":\"https:\/\/uglasevanje-klavirjev.si\/uglasevanje\/groba-uglasitev\/#breadcrumb\"},\"inLanguage\":\"de\",\"potentialAction\":[{\"@type\":\"ReadAction\",\"target\":[\"https:\/\/uglasevanje-klavirjev.si\/uglasevanje\/groba-uglasitev\/\"]}]},{\"@type\":\"BreadcrumbList\",\"@id\":\"https:\/\/uglasevanje-klavirjev.si\/uglasevanje\/groba-uglasitev\/#breadcrumb\",\"itemListElement\":[{\"@type\":\"ListItem\",\"position\":1,\"name\":\"Home\",\"item\":\"https:\/\/uglasevanje-klavirjev.si\/\"},{\"@type\":\"ListItem\",\"position\":2,\"name\":\"Ugla\u0161evanje\",\"item\":\"https:\/\/uglasevanje-klavirjev.si\/uglasevanje\/\"},{\"@type\":\"ListItem\",\"position\":3,\"name\":\"Groba uglasitev\"}]},{\"@type\":\"WebSite\",\"@id\":\"https:\/\/uglasevanje-klavirjev.si\/#website\",\"url\":\"https:\/\/uglasevanje-klavirjev.si\/\",\"name\":\"Ugla\u0161evanje klavirjev\",\"description\":\"Andrej Vivod\",\"publisher\":{\"@id\":\"https:\/\/uglasevanje-klavirjev.si\/#\/schema\/person\/6c881fc09456967feb275bbcd3f79ad1\"},\"potentialAction\":[{\"@type\":\"SearchAction\",\"target\":{\"@type\":\"EntryPoint\",\"urlTemplate\":\"https:\/\/uglasevanje-klavirjev.si\/?s={search_term_string}\"},\"query-input\":{\"@type\":\"PropertyValueSpecification\",\"valueRequired\":true,\"valueName\":\"search_term_string\"}}],\"inLanguage\":\"de\"},{\"@type\":[\"Person\",\"Organization\"],\"@id\":\"https:\/\/uglasevanje-klavirjev.si\/#\/schema\/person\/6c881fc09456967feb275bbcd3f79ad1\",\"name\":\"Andrej Vivod\",\"image\":{\"@type\":\"ImageObject\",\"inLanguage\":\"de\",\"@id\":\"https:\/\/uglasevanje-klavirjev.si\/#\/schema\/person\/image\/\",\"url\":\"https:\/\/secure.gravatar.com\/avatar\/e6adf9fe54b0cb2996cb0b334298fbe850278ac589cdf166e14f957f7e6e0267?s=96&d=mm&r=g\",\"contentUrl\":\"https:\/\/secure.gravatar.com\/avatar\/e6adf9fe54b0cb2996cb0b334298fbe850278ac589cdf166e14f957f7e6e0267?s=96&d=mm&r=g\",\"caption\":\"Andrej Vivod\"},\"logo\":{\"@id\":\"https:\/\/uglasevanje-klavirjev.si\/#\/schema\/person\/image\/\"},\"sameAs\":[\"https:\/\/uglasevanje-klavirjev.si\"]}]}<\/script>\n<!-- \/ Yoast SEO plugin. -->","yoast_head_json":{"title":"Ugla\u0161evanje klavirjev","robots":{"index":"index","follow":"follow","max-snippet":"max-snippet:-1","max-image-preview":"max-image-preview:large","max-video-preview":"max-video-preview:-1"},"canonical":"https:\/\/uglasevanje-klavirjev.si\/de\/uglasevanje\/groba-uglasitev\/","og_locale":"de_DE","og_type":"article","og_title":"Ugla\u0161evanje klavirjev","og_url":"https:\/\/uglasevanje-klavirjev.si\/de\/uglasevanje\/groba-uglasitev\/","og_site_name":"Ugla\u0161evanje klavirjev","article_modified_time":"2024-07-15T05:43:00+00:00","twitter_card":"summary_large_image","twitter_misc":{"Gesch\u00e4tzte Lesezeit":"1\u00a0Minute"},"schema":{"@context":"https:\/\/schema.org","@graph":[{"@type":"WebPage","@id":"https:\/\/uglasevanje-klavirjev.si\/uglasevanje\/groba-uglasitev\/","url":"https:\/\/uglasevanje-klavirjev.si\/uglasevanje\/groba-uglasitev\/","name":"Ugla\u0161evanje klavirjev","isPartOf":{"@id":"https:\/\/uglasevanje-klavirjev.si\/#website"},"datePublished":"2021-03-07T15:25:54+00:00","dateModified":"2024-07-15T05:43:00+00:00","breadcrumb":{"@id":"https:\/\/uglasevanje-klavirjev.si\/uglasevanje\/groba-uglasitev\/#breadcrumb"},"inLanguage":"de","potentialAction":[{"@type":"ReadAction","target":["https:\/\/uglasevanje-klavirjev.si\/uglasevanje\/groba-uglasitev\/"]}]},{"@type":"BreadcrumbList","@id":"https:\/\/uglasevanje-klavirjev.si\/uglasevanje\/groba-uglasitev\/#breadcrumb","itemListElement":[{"@type":"ListItem","position":1,"name":"Home","item":"https:\/\/uglasevanje-klavirjev.si\/"},{"@type":"ListItem","position":2,"name":"Ugla\u0161evanje","item":"https:\/\/uglasevanje-klavirjev.si\/uglasevanje\/"},{"@type":"ListItem","position":3,"name":"Groba uglasitev"}]},{"@type":"WebSite","@id":"https:\/\/uglasevanje-klavirjev.si\/#website","url":"https:\/\/uglasevanje-klavirjev.si\/","name":"Ugla\u0161evanje klavirjev","description":"Andrej Vivod","publisher":{"@id":"https:\/\/uglasevanje-klavirjev.si\/#\/schema\/person\/6c881fc09456967feb275bbcd3f79ad1"},"potentialAction":[{"@type":"SearchAction","target":{"@type":"EntryPoint","urlTemplate":"https:\/\/uglasevanje-klavirjev.si\/?s={search_term_string}"},"query-input":{"@type":"PropertyValueSpecification","valueRequired":true,"valueName":"search_term_string"}}],"inLanguage":"de"},{"@type":["Person","Organization"],"@id":"https:\/\/uglasevanje-klavirjev.si\/#\/schema\/person\/6c881fc09456967feb275bbcd3f79ad1","name":"Andrej Vivod","image":{"@type":"ImageObject","inLanguage":"de","@id":"https:\/\/uglasevanje-klavirjev.si\/#\/schema\/person\/image\/","url":"https:\/\/secure.gravatar.com\/avatar\/e6adf9fe54b0cb2996cb0b334298fbe850278ac589cdf166e14f957f7e6e0267?s=96&d=mm&r=g","contentUrl":"https:\/\/secure.gravatar.com\/avatar\/e6adf9fe54b0cb2996cb0b334298fbe850278ac589cdf166e14f957f7e6e0267?s=96&d=mm&r=g","caption":"Andrej Vivod"},"logo":{"@id":"https:\/\/uglasevanje-klavirjev.si\/#\/schema\/person\/image\/"},"sameAs":["https:\/\/uglasevanje-klavirjev.si"]}]}},"_links":{"self":[{"href":"https:\/\/uglasevanje-klavirjev.si\/de\/wp-json\/wp\/v2\/pages\/47","targetHints":{"allow":["GET"]}}],"collection":[{"href":"https:\/\/uglasevanje-klavirjev.si\/de\/wp-json\/wp\/v2\/pages"}],"about":[{"href":"https:\/\/uglasevanje-klavirjev.si\/de\/wp-json\/wp\/v2\/types\/page"}],"author":[{"embeddable":true,"href":"https:\/\/uglasevanje-klavirjev.si\/de\/wp-json\/wp\/v2\/users\/1"}],"replies":[{"embeddable":true,"href":"https:\/\/uglasevanje-klavirjev.si\/de\/wp-json\/wp\/v2\/comments?post=47"}],"version-history":[{"count":3,"href":"https:\/\/uglasevanje-klavirjev.si\/de\/wp-json\/wp\/v2\/pages\/47\/revisions"}],"predecessor-version":[{"id":733,"href":"https:\/\/uglasevanje-klavirjev.si\/de\/wp-json\/wp\/v2\/pages\/47\/revisions\/733"}],"up":[{"embeddable":true,"href":"https:\/\/uglasevanje-klavirjev.si\/de\/wp-json\/wp\/v2\/pages\/45"}],"wp:attachment":[{"href":"https:\/\/uglasevanje-klavirjev.si\/de\/wp-json\/wp\/v2\/media?parent=47"}],"curies":[{"name":"wp","href":"https:\/\/api.w.org\/{rel}","templated":true}]}}