{"id":838,"date":"2025-10-10T11:48:38","date_gmt":"2025-10-10T10:48:38","guid":{"rendered":"https:\/\/uglasevanje-klavirjev.si\/?page_id=838"},"modified":"2026-01-20T18:05:31","modified_gmt":"2026-01-20T17:05:31","slug":"mnenja-strank","status":"publish","type":"page","link":"https:\/\/uglasevanje-klavirjev.si\/de\/mnenja-strank\/","title":{"rendered":"Kundenmeinungen"},"content":{"rendered":"<div class=\"wpb-content-wrapper\"><div class=\"vc_row wpb_row vc_row-fluid amz-container-fluid-no-spaces\"><div class=\"wpb_column vc_column_container vc_col-sm-12\"><div class=\"vc_column-inner\"><div class=\"wpb_wrapper\">\n\t<div class=\"wpb_text_column wpb_content_element\" >\n\t\t<div class=\"wpb_wrapper\">\n\t\t\t<h1 style=\"text-align: center;\"><span style=\"font-size: 36pt; color: #ffffff;\">Kundenmeinungen<\/span><\/h1>\n\n\t\t<\/div>\n\t<\/div>\n<\/div><\/div><\/div><\/div><!-- Row Backgrounds --><div class=\"upb_bg_img\" data-ultimate-bg=\"url(https:\/\/uglasevanje-klavirjev.si\/wp-content\/uploads\/2023\/06\/Foto_Matej_Tomazin_DSF4509.jpg)\" data-image-id=\"id^430|url^https:\/\/uglasevanje-klavirjev.si\/wp-content\/uploads\/2023\/06\/Foto_Matej_Tomazin_DSF4509.jpg|caption^null|alt^null|title^Foto_Matej_Tomazin_DSF4509|description^null\" data-ultimate-bg-style=\"vcpb-vz-jquery\" data-bg-img-repeat=\"repeat\" data-bg-img-size=\"cover\" data-bg-img-position=\"\" data-parallx_sense=\"30\" data-bg-override=\"0\" data-bg_img_attach=\"scroll\" data-upb-overlay-color=\"\" data-upb-bg-animation=\"\" data-fadeout=\"\" data-bg-animation=\"left-animation\" data-bg-animation-type=\"h\" data-animation-repeat=\"repeat\" data-fadeout-percentage=\"30\" data-parallax-content=\"\" data-parallax-content-sense=\"30\" data-row-effect-mobile-disable=\"true\" data-img-parallax-mobile-disable=\"true\" data-rtl=\"false\"  data-custom-vc-row=\"\"  data-vc=\"8.6.1\"  data-is_old_vc=\"\"  data-theme-support=\"\"   data-overlay=\"false\" data-overlay-color=\"\" data-overlay-pattern=\"\" data-overlay-pattern-opacity=\"\" data-overlay-pattern-size=\"\"    ><\/div><div class=\"vc_row wpb_row vc_row-fluid reverse-mobile no-padding-vc-row container\"><div class=\"wpb_column vc_column_container vc_col-sm-12\"><div class=\"vc_column-inner\"><div class=\"wpb_wrapper\">\n\t<div class=\"wpb_text_column wpb_content_element\" >\n\t\t<div class=\"wpb_wrapper\">\n\t\t\t<p style=\"font-weight: 400;\"><span style=\"font-size: 12pt;\">Ich habe Andrej Vivod als Pianisten w\u00e4hrend meines Studiums an der Musikakademie in Ljubljana kennengelernt. Er stach unter seinen Kollegen durch sein gro\u00dfes Interesse f\u00fcr das Klavier hervor, wie es aufgebaut ist, welche Mechanik und Technik f\u00fcr die Tonerzeugung sorgen. Diese gro\u00dfe Liebe zum Klavier f\u00fchrte ihn zu einer Spezialausbildung in der Steinway-Fabrik, und ich bin dankbar, dass er mit seinem neu erworbenen Wissen in seine Heimat zur\u00fcckgekehrt ist.<\/span><\/p>\n\n\t\t<\/div>\n\t<\/div>\n\n\t<div class=\"wpb_text_column wpb_content_element piano-extra\" >\n\t\t<div class=\"wpb_wrapper\">\n\t\t\t<p style=\"font-weight: 400;\"><span style=\"font-size: 12pt;\">Als Organisatorin der Hofkonzerte in Vipava arbeite ich jedes Jahr mit Andrej zusammen, der das Klavier und den Fl\u00fcgel stimmt, die ich f\u00fcr die Konzerte ben\u00f6tige. Ich kann mich nicht nur darauf verlassen, dass die Instrumente pr\u00e4zise gestimmt sind, sondern sch\u00e4tze auch seine individuelle Herangehensweise an das Instrument. Er erkennt den Charakter und die Eigenschaften eines Instruments und geht respektvoll auf das ein, was das Instrument bietet und ben\u00f6tigt. Wenn das Instrument nicht mit seiner optimalen \u201eStimme\u201d klingt, versucht er, ihm auf dem Weg dorthin zu helfen.<\/span><\/p>\n<p style=\"font-weight: 400;\"><span style=\"font-size: 12pt;\">Ich war mit seinem Beitrag zu unseren Konzerten immer zufrieden und werde ihn auch in Zukunft gerne engagieren. Ich kann seine Dienste jedem empfehlen. Er ist zuverl\u00e4ssig, korrekt, pr\u00e4zise und engagiert. Er strebt immer nach dem bestm\u00f6glichen Ergebnis, das sowohl dem Instrument als auch dem Kunden gerecht wird.<\/span><\/p>\n\n\t\t<\/div>\n\t<\/div>\n\n\t<div class=\"wpb_text_column wpb_content_element\" >\n\t\t<div class=\"wpb_wrapper\">\n\t\t\t<p style=\"font-weight: 400;\" class=\" translation-block\"><strong><span style=\"font-size: 12pt\"><em>Mojca Lavren\u010di\u010d \u2013 Dirigentin, Cembalistin und k\u00fcnstlerische Leiterin der Hofkonzerte<\/em><\/span><\/strong><\/p>\n\n\t\t<\/div>\n\t<\/div>\n<div class=\"vc_btn3-container vc_btn3-left vc_do_btn\" ><a onmouseleave=\"this.style.borderColor='#0a0a0a'; this.style.backgroundColor='transparent'; this.style.color='#0a0a0a'\" onmouseenter=\"this.style.borderColor='rgba(102,102,102,0.01)'; this.style.backgroundColor='rgba(102,102,102,0.01)'; this.style.color='#000000';\" style=\"border-color:#0a0a0a; color:#0a0a0a;\" class=\"vc_general vc_btn3 vc_btn3-size-md vc_btn3-shape-square vc_btn3-style-outline-custom\" href=\"#\" title=\"Mehr\">Mehr<\/a><\/div><\/div><\/div><\/div><\/div><div class=\"vc_row wpb_row vc_row-fluid no-padding-vc-row container\"><div class=\"wpb_column vc_column_container vc_col-sm-12\"><div class=\"vc_column-inner\"><div class=\"wpb_wrapper\"><div class=\"vc_separator wpb_content_element vc_separator_align_center vc_sep_width_100 vc_sep_border_width_2 vc_sep_pos_align_center vc_separator_no_text vc_sep_color_black wpb_content_element  wpb_content_element\" ><span class=\"vc_sep_holder vc_sep_holder_l\"><span class=\"vc_sep_line\"><\/span><\/span><span class=\"vc_sep_holder vc_sep_holder_r\"><span class=\"vc_sep_line\"><\/span><\/span>\n<\/div><\/div><\/div><\/div><\/div><div class=\"vc_row wpb_row vc_row-fluid reverse-mobile no-padding-vc-row container\"><div class=\"wpb_column vc_column_container vc_col-sm-12\"><div class=\"vc_column-inner\"><div class=\"wpb_wrapper\">\n\t<div class=\"wpb_text_column wpb_content_element\" >\n\t\t<div class=\"wpb_wrapper\">\n\t\t\t<p style=\"font-weight: 400;\" class=\" translation-block\"><span style=\"font-size: 12pt\">Wir sch\u00e4tzen Andrej f\u00fcr seine schnelle Reaktionsf\u00e4higkeit, Zuverl\u00e4ssigkeit und sein gro\u00dfes Engagement. Er ist stets bereit zu helfen \u2013 auch in unvorhergesehenen Situationen sowie an Wochenenden oder Feiertagen. Seine Arbeit ist von hoher Qualit\u00e4t und Pr\u00e4zision, weshalb wir ihm die Betreuung aller Klaviere an unserer Schule anvertraut haben. Seit 2024 wartet und stimmt Andrej auch das Klavier, das wir f\u00fcr den Internationalen Musikwettbewerb <em>BOLERO\u00a0<\/em>\u00a0verwenden.<\/span><\/p>\n\n\t\t<\/div>\n\t<\/div>\n\n\t<div class=\"wpb_text_column wpb_content_element\" >\n\t\t<div class=\"wpb_wrapper\">\n\t\t\t<p style=\"font-weight: 400;\"><strong><span style=\"font-size: 12pt;\"><em>Andra\u017e Likar, Direktor der Musikschule Muta<\/em><\/span><\/strong><\/p>\n\n\t\t<\/div>\n\t<\/div>\n<\/div><\/div><\/div><\/div><div class=\"vc_row wpb_row vc_row-fluid no-padding-vc-row container\"><div class=\"wpb_column vc_column_container vc_col-sm-12\"><div class=\"vc_column-inner\"><div class=\"wpb_wrapper\"><div class=\"vc_separator wpb_content_element vc_separator_align_center vc_sep_width_100 vc_sep_border_width_2 vc_sep_pos_align_center vc_separator_no_text vc_sep_color_black wpb_content_element  wpb_content_element\" ><span class=\"vc_sep_holder vc_sep_holder_l\"><span class=\"vc_sep_line\"><\/span><\/span><span class=\"vc_sep_holder vc_sep_holder_r\"><span class=\"vc_sep_line\"><\/span><\/span>\n<\/div><\/div><\/div><\/div><\/div><div class=\"vc_row wpb_row vc_row-fluid reverse-mobile no-padding-vc-row container\"><div class=\"wpb_column vc_column_container vc_col-sm-12\"><div class=\"vc_column-inner\"><div class=\"wpb_wrapper\">\n\t<div class=\"wpb_text_column wpb_content_element\" >\n\t\t<div class=\"wpb_wrapper\">\n\t\t\t<p style=\"font-weight: 400;\"><span style=\"font-size: 12pt;\">Andrej, herzlichen Dank f\u00fcr deine professionelle Arbeit an meinem Klavier. Ich bewundere, wie du es geschafft hast, aus einem \u201eWrack\u201c wieder ein funktionierendes Klavier zu machen. Jetzt warten nur noch unz\u00e4hlige Stunden des \u00dcbens auf mich! Vielen Dank!<\/span><\/p>\n\n\t\t<\/div>\n\t<\/div>\n\n\t<div class=\"wpb_text_column wpb_content_element\" >\n\t\t<div class=\"wpb_wrapper\">\n\t\t\t<p style=\"font-weight: 400;\"><strong><span style=\"font-size: 12pt;\"><em>Dragica P.<\/em><\/span><\/strong><\/p>\n\n\t\t<\/div>\n\t<\/div>\n<\/div><\/div><\/div><\/div><div class=\"vc_row wpb_row vc_row-fluid no-padding-vc-row container\"><div class=\"wpb_column vc_column_container vc_col-sm-12\"><div class=\"vc_column-inner\"><div class=\"wpb_wrapper\"><div class=\"vc_separator wpb_content_element vc_separator_align_center vc_sep_width_100 vc_sep_border_width_2 vc_sep_pos_align_center vc_separator_no_text vc_sep_color_black wpb_content_element  wpb_content_element\" ><span class=\"vc_sep_holder vc_sep_holder_l\"><span class=\"vc_sep_line\"><\/span><\/span><span class=\"vc_sep_holder vc_sep_holder_r\"><span class=\"vc_sep_line\"><\/span><\/span>\n<\/div><\/div><\/div><\/div><\/div><div class=\"vc_row wpb_row vc_row-fluid reverse-mobile no-padding-vc-row container\"><div class=\"wpb_column vc_column_container vc_col-sm-12\"><div class=\"vc_column-inner\"><div class=\"wpb_wrapper\">\n\t<div class=\"wpb_text_column wpb_content_element\" >\n\t\t<div class=\"wpb_wrapper\">\n\t\t\t<p style=\"font-weight: 400;\"><span style=\"font-size: 12pt;\">Die Arbeit, die Andrej im Bereich der Klavierstimmung und -wartung leistet, ist sehr professionell. Er kennt sich mit Klavieren sehr gut aus, was ihm erm\u00f6glicht, sich um alle Aspekte des Instruments zu k\u00fcmmern \u2013 nicht nur um die Stimmung, sondern auch um die Wartung der Mechanik, der H\u00e4mmer und anderer Teile des Klaviers. Unter anderem ist ihm auch die Klangfarbe des Klaviers sehr wichtig, was dem Pianisten beim Spielen zus\u00e4tzliche Freude bereitet. Er ist eine zuverl\u00e4ssige Person, die ihre Arbeit mit gro\u00dfer Begeisterung aus\u00fcbt.<\/span><\/p>\n\n\t\t<\/div>\n\t<\/div>\n\n\t<div class=\"wpb_text_column wpb_content_element\" >\n\t\t<div class=\"wpb_wrapper\">\n\t\t\t<p style=\"font-weight: 400;\"><strong><span style=\"font-size: 12pt;\"><em>Jan Pu\u0161nik \u2013 akademischer Musiker Pianist<\/em><\/span><\/strong><\/p>\n\n\t\t<\/div>\n\t<\/div>\n<\/div><\/div><\/div><\/div><div class=\"vc_row wpb_row vc_row-fluid no-padding-vc-row container\"><div class=\"wpb_column vc_column_container vc_col-sm-12\"><div class=\"vc_column-inner\"><div class=\"wpb_wrapper\"><div class=\"vc_separator wpb_content_element vc_separator_align_center vc_sep_width_100 vc_sep_border_width_2 vc_sep_pos_align_center vc_separator_no_text vc_sep_color_black wpb_content_element  wpb_content_element\" ><span class=\"vc_sep_holder vc_sep_holder_l\"><span class=\"vc_sep_line\"><\/span><\/span><span class=\"vc_sep_holder vc_sep_holder_r\"><span class=\"vc_sep_line\"><\/span><\/span>\n<\/div><\/div><\/div><\/div><\/div><div class=\"vc_row wpb_row vc_row-fluid reverse-mobile no-padding-vc-row container\"><div class=\"wpb_column vc_column_container vc_col-sm-12\"><div class=\"vc_column-inner\"><div class=\"wpb_wrapper\">\n\t<div class=\"wpb_text_column wpb_content_element\" >\n\t\t<div class=\"wpb_wrapper\">\n\t\t\t<p style=\"font-weight: 400;\"><span style=\"font-size: 12pt;\">Andrej stimmt nicht nur hervorragend, sondern f\u00fchrt auch fachm\u00e4nnisch die Wartung von Klavieren und Fl\u00fcgeln durch, ersetzt bei Bedarf die Saiten und verbessert durch Schleifen und Intonieren der H\u00e4mmer die Klangqualit\u00e4t des Instruments.<\/span><\/p>\n<p style=\"font-weight: 400;\"><span style=\"font-size: 12pt;\">Flexibilit\u00e4t in allen Bereichen: Klangqualit\u00e4t, Stimmh\u00f6he, Mechanik (schwerere oder fl\u00fcssigere Tasten) und auch bei der Terminvereinbarung f\u00fcr die Stimmung.<\/span><\/p>\n<p style=\"font-weight: 400;\"><span style=\"font-size: 12pt;\">Ich kann ihn w\u00e4rmstens empfehlen!<\/span><\/p>\n\n\t\t<\/div>\n\t<\/div>\n\n\t<div class=\"wpb_text_column wpb_content_element\" >\n\t\t<div class=\"wpb_wrapper\">\n\t\t\t<p style=\"font-weight: 400;\"><strong><span style=\"font-size: 12pt;\"><em>Nena Rion \u2013 Mag. akademische Musikerin Pianistin<\/em><\/span><\/strong><\/p>\n\n\t\t<\/div>\n\t<\/div>\n<\/div><\/div><\/div><\/div><div class=\"vc_row wpb_row vc_row-fluid no-padding-vc-row container\"><div class=\"wpb_column vc_column_container vc_col-sm-12\"><div class=\"vc_column-inner\"><div class=\"wpb_wrapper\"><div class=\"vc_separator wpb_content_element vc_separator_align_center vc_sep_width_100 vc_sep_border_width_2 vc_sep_pos_align_center vc_separator_no_text vc_sep_color_black wpb_content_element  wpb_content_element\" ><span class=\"vc_sep_holder vc_sep_holder_l\"><span class=\"vc_sep_line\"><\/span><\/span><span class=\"vc_sep_holder vc_sep_holder_r\"><span class=\"vc_sep_line\"><\/span><\/span>\n<\/div><\/div><\/div><\/div><\/div><div class=\"vc_row wpb_row vc_row-fluid reverse-mobile no-padding-vc-row container\"><div class=\"wpb_column vc_column_container vc_col-sm-12\"><div class=\"vc_column-inner\"><div class=\"wpb_wrapper\">\n\t<div class=\"wpb_text_column wpb_content_element\" >\n\t\t<div class=\"wpb_wrapper\">\n\t\t\t<p style=\"font-weight: 400;\"><span style=\"font-size: 12pt;\">Wir sind sehr gl\u00fccklich in Andrej Vivod einen freundlichen , erfahrenen, sehr motivierten und zuverl\u00e4ssigen Klavierstimmer gefunden zu haben. Er geht auf unsere speziellen W\u00fcnsche ein. Seine Klavierstimmung ist exzellent. Wir w\u00fcnschen ihm alles Gute in privater wie in beruflicher Hinsicht und hoffen, dass er unseren Steinway weiterhin so gut in Schuss h\u00e4lt.<\/span><\/p>\n\n\t\t<\/div>\n\t<\/div>\n\n\t<div class=\"wpb_text_column wpb_content_element\" >\n\t\t<div class=\"wpb_wrapper\">\n\t\t\t<p style=\"font-weight: 400;\"><span style=\"font-size: 12pt;\"><strong><em>Marion Hummel \u2013 Klavierlehrerin aus St. Gallen<\/em><\/strong><\/span><\/p>\n\n\t\t<\/div>\n\t<\/div>\n<\/div><\/div><\/div><\/div><div class=\"vc_row wpb_row vc_row-fluid no-padding-vc-row container\"><div class=\"wpb_column vc_column_container vc_col-sm-12\"><div class=\"vc_column-inner\"><div class=\"wpb_wrapper\"><div class=\"vc_separator wpb_content_element vc_separator_align_center vc_sep_width_100 vc_sep_border_width_2 vc_sep_pos_align_center vc_separator_no_text vc_sep_color_black wpb_content_element  wpb_content_element\" ><span class=\"vc_sep_holder vc_sep_holder_l\"><span class=\"vc_sep_line\"><\/span><\/span><span class=\"vc_sep_holder vc_sep_holder_r\"><span class=\"vc_sep_line\"><\/span><\/span>\n<\/div><\/div><\/div><\/div><\/div><div class=\"vc_row wpb_row vc_row-fluid reverse-mobile no-padding-vc-row container\"><div class=\"wpb_column vc_column_container vc_col-sm-12\"><div class=\"vc_column-inner\"><div class=\"wpb_wrapper\">\n\t<div class=\"wpb_text_column wpb_content_element\" >\n\t\t<div class=\"wpb_wrapper\">\n\t\t\t<p style=\"font-weight: 400;\"><span style=\"font-size: 12pt;\">Mit Andrej haben wir einen Klavierstimmer gefunden, der nicht nur korrekte Frequenzen und klare Intonation sucht, sondern mit seiner Stimmung auch der ureigenen Klang und die Seele des Instruments zum Strahlen bringen kann.<\/span><\/p>\n\n\t\t<\/div>\n\t<\/div>\n\n\t<div class=\"wpb_text_column wpb_content_element\" >\n\t\t<div class=\"wpb_wrapper\">\n\t\t\t<p style=\"font-weight: 400;\"><span style=\"font-size: 12pt;\"><strong><em>C\u00e9line Wasmer \u2013 Sopranistin aus Klagenfurt<\/em><\/strong><\/span><\/p>\n\n\t\t<\/div>\n\t<\/div>\n<\/div><\/div><\/div><\/div><div class=\"vc_row wpb_row vc_row-fluid no-padding-vc-row container\"><div class=\"wpb_column vc_column_container vc_col-sm-12\"><div class=\"vc_column-inner\"><div class=\"wpb_wrapper\"><div class=\"vc_separator wpb_content_element vc_separator_align_center vc_sep_width_100 vc_sep_border_width_2 vc_sep_pos_align_center vc_separator_no_text vc_sep_color_black wpb_content_element  wpb_content_element\" ><span class=\"vc_sep_holder vc_sep_holder_l\"><span class=\"vc_sep_line\"><\/span><\/span><span class=\"vc_sep_holder vc_sep_holder_r\"><span class=\"vc_sep_line\"><\/span><\/span>\n<\/div><\/div><\/div><\/div><\/div><div class=\"vc_row wpb_row vc_row-fluid reverse-mobile no-padding-vc-row container\"><div class=\"wpb_column vc_column_container vc_col-sm-12\"><div class=\"vc_column-inner\"><div class=\"wpb_wrapper\">\n\t<div class=\"wpb_text_column wpb_content_element\" >\n\t\t<div class=\"wpb_wrapper\">\n\t\t\t<p style=\"font-weight: 400;\"><span style=\"font-size: 12pt;\">Andrej wurde mir von meiner Klavierlehrerin empfohlen. Er stimmt nun regelm\u00e4\u00dfig seit einigen Jahren mein Pianino und meinen Fl\u00fcgel (100 Jahre altes Steinway). Er ist absolut zuverl\u00e4ssig und hat immer zu meiner vollsten Zufriedenheit gearbeitet. Ich kann Herrn Andrej absolut weiterempfehlen. Von mir bekommt er 5 Sterne!<\/span><\/p>\n\n\t\t<\/div>\n\t<\/div>\n\n\t<div class=\"wpb_text_column wpb_content_element\" >\n\t\t<div class=\"wpb_wrapper\">\n\t\t\t<p style=\"font-weight: 400;\"><span style=\"font-size: 12pt;\"><strong><em>Monika Haderlapp \u2013 Pianistin aus Klagenfurt<\/em><\/strong><\/span><\/p>\n\n\t\t<\/div>\n\t<\/div>\n<\/div><\/div><\/div><\/div><div class=\"vc_row wpb_row vc_row-fluid no-padding-vc-row container\"><div class=\"wpb_column vc_column_container vc_col-sm-12\"><div class=\"vc_column-inner\"><div class=\"wpb_wrapper\">\n\t<div class=\"wpb_raw_code wpb_raw_js\" >\n\t\t<div class=\"wpb_wrapper\">\n\t\t\t<script>\ndocument.addEventListener('DOMContentLoaded', function () {\n  document.querySelectorAll('.vc_row').forEach(function (row) {\n    const extra = row.querySelector('.piano-extra');\n    if (!extra) return;\n\n    \/\/ Gumba v istem bloku\n    const btns = row.querySelectorAll('a.vc_btn3[href=\"#\"], a.vc_btn3[href=\"%23\"]');\n    if (!btns.length) return;\n\n    \/\/ Inicialno stanje (skrito)\n    extra.setAttribute('aria-hidden', 'true');\n\n    \/\/ 1) Zaznaj jezik vsakega gumba in ga zapi\u0161i v dataset\n    btns.forEach(function (b) {\n      const txt = b.textContent.trim();\n      const attrLang = b.getAttribute('trp_param_show_language') || '';\n      let lang = 'sl';\n      if (\/de\/i.test(attrLang) || \/^Mehr\/i.test(txt) || \/^Weniger anzeigen\/i.test(txt)) lang = 'de';\n      b.dataset.lang = lang;\n      b.setAttribute('role', 'button');\n      b.setAttribute('aria-expanded', 'false');\n    });\n\n    \/\/ 2) Posodobi napise glede na jezik in stanje\n    function updateButtonLabels(shown) {\n      btns.forEach(function (b) {\n        if (b.dataset.lang === 'de') {\n          b.textContent = shown ? 'Weniger anzeigen' : 'Mehr';\n        } else {\n          b.textContent = shown ? 'Prika\u017eite manj' : 'Preberite ve\u010d';\n        }\n        b.setAttribute('aria-expanded', shown ? 'true' : 'false');\n      });\n    }\n\n    \/\/ 3) Toggle handler\n    function toggleExtra(e) {\n      e.preventDefault();\n      const shown = extra.classList.toggle('show');\n      extra.setAttribute('aria-hidden', String(!shown));\n      updateButtonLabels(shown);\n    }\n\n    \/\/ 4) Ve\u017ei na oba gumba (preverimo le, da sta pravi vrsti CTA-ja)\n    btns.forEach(function (btn) {\n      const label = btn.textContent.trim();\n      if (\/^(Preberite|Prika\u017eite manj|Mehr|Weniger anzeigen)\/i.test(label)) {\n        btn.addEventListener('click', toggleExtra);\n        btn.addEventListener('mousedown', function (ev) {\n          if (ev.button === 1) ev.preventDefault();\n        });\n      }\n    });\n\n    \/\/ 5) Normaliziraj za\u010detne napise (skrito stanje)\n    updateButtonLabels(false);\n  });\n});\n<\/script>\n\t\t<\/div>\n\t<\/div>\n<\/div><\/div><\/div><\/div>\n<\/div>","protected":false},"excerpt":{"rendered":"Mnenja strank Andreja Vivoda sem spoznala kot pianista v \u010dasu \u0161tudija na Akademiji za glasbo v Ljubljani. Od svojih kolegov je izstopal zaradi velikega zanimanja za klavir, kako je zgrajen, kak\u0161na mehanika in tehnika skrbita za produkcijo tona. Ta velika...","protected":false},"author":1,"featured_media":0,"parent":0,"menu_order":0,"comment_status":"closed","ping_status":"closed","template":"","meta":{"footnotes":""},"class_list":["post-838","page","type-page","status-publish","hentry"],"yoast_head":"<!-- This site is optimized with the Yoast SEO plugin v26.8 - https:\/\/yoast.com\/product\/yoast-seo-wordpress\/ -->\n<title>Ugla\u0161evanje klavirjev<\/title>\n<meta name=\"robots\" content=\"index, follow, max-snippet:-1, max-image-preview:large, max-video-preview:-1\" \/>\n<link rel=\"canonical\" href=\"https:\/\/uglasevanje-klavirjev.si\/de\/mnenja-strank\/\" \/>\n<meta property=\"og:locale\" content=\"de_DE\" \/>\n<meta property=\"og:type\" content=\"article\" \/>\n<meta property=\"og:title\" content=\"Ugla\u0161evanje klavirjev\" \/>\n<meta property=\"og:url\" content=\"https:\/\/uglasevanje-klavirjev.si\/de\/mnenja-strank\/\" \/>\n<meta property=\"og:site_name\" content=\"Ugla\u0161evanje klavirjev\" \/>\n<meta property=\"article:modified_time\" content=\"2026-01-20T17:05:31+00:00\" \/>\n<meta name=\"twitter:card\" content=\"summary_large_image\" \/>\n<meta name=\"twitter:label1\" content=\"Gesch\u00e4tzte Lesezeit\" \/>\n\t<meta name=\"twitter:data1\" content=\"4\u00a0Minuten\" \/>\n<script type=\"application\/ld+json\" class=\"yoast-schema-graph\">{\"@context\":\"https:\/\/schema.org\",\"@graph\":[{\"@type\":\"WebPage\",\"@id\":\"https:\/\/uglasevanje-klavirjev.si\/mnenja-strank\/\",\"url\":\"https:\/\/uglasevanje-klavirjev.si\/mnenja-strank\/\",\"name\":\"Ugla\u0161evanje klavirjev\",\"isPartOf\":{\"@id\":\"https:\/\/uglasevanje-klavirjev.si\/#website\"},\"datePublished\":\"2025-10-10T10:48:38+00:00\",\"dateModified\":\"2026-01-20T17:05:31+00:00\",\"breadcrumb\":{\"@id\":\"https:\/\/uglasevanje-klavirjev.si\/mnenja-strank\/#breadcrumb\"},\"inLanguage\":\"de\",\"potentialAction\":[{\"@type\":\"ReadAction\",\"target\":[\"https:\/\/uglasevanje-klavirjev.si\/mnenja-strank\/\"]}]},{\"@type\":\"BreadcrumbList\",\"@id\":\"https:\/\/uglasevanje-klavirjev.si\/mnenja-strank\/#breadcrumb\",\"itemListElement\":[{\"@type\":\"ListItem\",\"position\":1,\"name\":\"Home\",\"item\":\"https:\/\/uglasevanje-klavirjev.si\/\"},{\"@type\":\"ListItem\",\"position\":2,\"name\":\"Mnenja strank\"}]},{\"@type\":\"WebSite\",\"@id\":\"https:\/\/uglasevanje-klavirjev.si\/#website\",\"url\":\"https:\/\/uglasevanje-klavirjev.si\/\",\"name\":\"Ugla\u0161evanje klavirjev\",\"description\":\"Andrej Vivod\",\"publisher\":{\"@id\":\"https:\/\/uglasevanje-klavirjev.si\/#\/schema\/person\/6c881fc09456967feb275bbcd3f79ad1\"},\"potentialAction\":[{\"@type\":\"SearchAction\",\"target\":{\"@type\":\"EntryPoint\",\"urlTemplate\":\"https:\/\/uglasevanje-klavirjev.si\/?s={search_term_string}\"},\"query-input\":{\"@type\":\"PropertyValueSpecification\",\"valueRequired\":true,\"valueName\":\"search_term_string\"}}],\"inLanguage\":\"de\"},{\"@type\":[\"Person\",\"Organization\"],\"@id\":\"https:\/\/uglasevanje-klavirjev.si\/#\/schema\/person\/6c881fc09456967feb275bbcd3f79ad1\",\"name\":\"Andrej Vivod\",\"image\":{\"@type\":\"ImageObject\",\"inLanguage\":\"de\",\"@id\":\"https:\/\/uglasevanje-klavirjev.si\/#\/schema\/person\/image\/\",\"url\":\"https:\/\/secure.gravatar.com\/avatar\/e6adf9fe54b0cb2996cb0b334298fbe850278ac589cdf166e14f957f7e6e0267?s=96&d=mm&r=g\",\"contentUrl\":\"https:\/\/secure.gravatar.com\/avatar\/e6adf9fe54b0cb2996cb0b334298fbe850278ac589cdf166e14f957f7e6e0267?s=96&d=mm&r=g\",\"caption\":\"Andrej Vivod\"},\"logo\":{\"@id\":\"https:\/\/uglasevanje-klavirjev.si\/#\/schema\/person\/image\/\"},\"sameAs\":[\"https:\/\/uglasevanje-klavirjev.si\"]}]}<\/script>\n<!-- \/ Yoast SEO plugin. -->","yoast_head_json":{"title":"Ugla\u0161evanje klavirjev","robots":{"index":"index","follow":"follow","max-snippet":"max-snippet:-1","max-image-preview":"max-image-preview:large","max-video-preview":"max-video-preview:-1"},"canonical":"https:\/\/uglasevanje-klavirjev.si\/de\/mnenja-strank\/","og_locale":"de_DE","og_type":"article","og_title":"Ugla\u0161evanje klavirjev","og_url":"https:\/\/uglasevanje-klavirjev.si\/de\/mnenja-strank\/","og_site_name":"Ugla\u0161evanje klavirjev","article_modified_time":"2026-01-20T17:05:31+00:00","twitter_card":"summary_large_image","twitter_misc":{"Gesch\u00e4tzte Lesezeit":"4\u00a0Minuten"},"schema":{"@context":"https:\/\/schema.org","@graph":[{"@type":"WebPage","@id":"https:\/\/uglasevanje-klavirjev.si\/mnenja-strank\/","url":"https:\/\/uglasevanje-klavirjev.si\/mnenja-strank\/","name":"Ugla\u0161evanje klavirjev","isPartOf":{"@id":"https:\/\/uglasevanje-klavirjev.si\/#website"},"datePublished":"2025-10-10T10:48:38+00:00","dateModified":"2026-01-20T17:05:31+00:00","breadcrumb":{"@id":"https:\/\/uglasevanje-klavirjev.si\/mnenja-strank\/#breadcrumb"},"inLanguage":"de","potentialAction":[{"@type":"ReadAction","target":["https:\/\/uglasevanje-klavirjev.si\/mnenja-strank\/"]}]},{"@type":"BreadcrumbList","@id":"https:\/\/uglasevanje-klavirjev.si\/mnenja-strank\/#breadcrumb","itemListElement":[{"@type":"ListItem","position":1,"name":"Home","item":"https:\/\/uglasevanje-klavirjev.si\/"},{"@type":"ListItem","position":2,"name":"Mnenja strank"}]},{"@type":"WebSite","@id":"https:\/\/uglasevanje-klavirjev.si\/#website","url":"https:\/\/uglasevanje-klavirjev.si\/","name":"Ugla\u0161evanje klavirjev","description":"Andrej Vivod","publisher":{"@id":"https:\/\/uglasevanje-klavirjev.si\/#\/schema\/person\/6c881fc09456967feb275bbcd3f79ad1"},"potentialAction":[{"@type":"SearchAction","target":{"@type":"EntryPoint","urlTemplate":"https:\/\/uglasevanje-klavirjev.si\/?s={search_term_string}"},"query-input":{"@type":"PropertyValueSpecification","valueRequired":true,"valueName":"search_term_string"}}],"inLanguage":"de"},{"@type":["Person","Organization"],"@id":"https:\/\/uglasevanje-klavirjev.si\/#\/schema\/person\/6c881fc09456967feb275bbcd3f79ad1","name":"Andrej Vivod","image":{"@type":"ImageObject","inLanguage":"de","@id":"https:\/\/uglasevanje-klavirjev.si\/#\/schema\/person\/image\/","url":"https:\/\/secure.gravatar.com\/avatar\/e6adf9fe54b0cb2996cb0b334298fbe850278ac589cdf166e14f957f7e6e0267?s=96&d=mm&r=g","contentUrl":"https:\/\/secure.gravatar.com\/avatar\/e6adf9fe54b0cb2996cb0b334298fbe850278ac589cdf166e14f957f7e6e0267?s=96&d=mm&r=g","caption":"Andrej Vivod"},"logo":{"@id":"https:\/\/uglasevanje-klavirjev.si\/#\/schema\/person\/image\/"},"sameAs":["https:\/\/uglasevanje-klavirjev.si"]}]}},"_links":{"self":[{"href":"https:\/\/uglasevanje-klavirjev.si\/de\/wp-json\/wp\/v2\/pages\/838","targetHints":{"allow":["GET"]}}],"collection":[{"href":"https:\/\/uglasevanje-klavirjev.si\/de\/wp-json\/wp\/v2\/pages"}],"about":[{"href":"https:\/\/uglasevanje-klavirjev.si\/de\/wp-json\/wp\/v2\/types\/page"}],"author":[{"embeddable":true,"href":"https:\/\/uglasevanje-klavirjev.si\/de\/wp-json\/wp\/v2\/users\/1"}],"replies":[{"embeddable":true,"href":"https:\/\/uglasevanje-klavirjev.si\/de\/wp-json\/wp\/v2\/comments?post=838"}],"version-history":[{"count":26,"href":"https:\/\/uglasevanje-klavirjev.si\/de\/wp-json\/wp\/v2\/pages\/838\/revisions"}],"predecessor-version":[{"id":878,"href":"https:\/\/uglasevanje-klavirjev.si\/de\/wp-json\/wp\/v2\/pages\/838\/revisions\/878"}],"wp:attachment":[{"href":"https:\/\/uglasevanje-klavirjev.si\/de\/wp-json\/wp\/v2\/media?parent=838"}],"curies":[{"name":"wp","href":"https:\/\/api.w.org\/{rel}","templated":true}]}}